{"id":7906,"date":"2026-05-13T07:49:29","date_gmt":"2026-05-13T07:49:29","guid":{"rendered":"https:\/\/kiaradezen.com\/?post_type=product&#038;p=7906"},"modified":"2026-05-13T07:55:14","modified_gmt":"2026-05-13T07:55:14","slug":"yuta-lazy-bag-fotelja-poklon-tabure","status":"publish","type":"product","link":"https:\/\/kiaradezen.com\/en\/product\/yuta-lazy-bag-fotelja-poklon-tabure\/","title":{"rendered":"Yuta lazy bag fotelja + POKLON TABURE"},"content":{"rendered":"<p><strong>SIZE:<\/strong> 80x117cm; visina 40-85cm; oikrugli tabure pre\u010dnik 80cm, visina 40cm<\/p>\n<p><strong>FABRIC:<\/strong> Outdoor \u0161tof u 4 boje na stanju<\/p>\n<p><strong>FILLING:<\/strong> Cela le\u017ealjka punjena je stiroporskim kuglicama. Posle odre\u0111enog vremena kori\u0161\u0107enja oblik le\u017ealjke \u0107e se opustiti a punjenje je lako dopuniti. Punjenje mo\u017eete dopuniti sami: za dopunu punjenja preporu\u010duje se da se nabavi d\u017eak od 60-90l, koji lako mo\u017eete nabaviti ukoliko na internetu tra\u017eite &#8222;dopunu za lejzi bag&#8220;, ili &#8222;stiroporske kuglice&#8220;.<\/p>\n<p><strong>WARRANTY 2 YEARS. <\/strong>More about warranty read in Terms of use<\/p>\n<p><strong>DEADLINE: <\/strong>Ukoliko proizvod nije na stanju u \u017eeljenoj boji, potvrdom kupovine se poru\u010duje. Rok izrade 10-20 radnih dana osim ukoliko proizvod nabavite u okviru akcije &#8222;poru\u010di van sezone, koristi u sezoni&#8220; kada su rokovi izrade ve\u0107i.<\/p>\n<p><strong>MORE ABOUT USAGE, MAINTENANCE AND DETAILS OF PRODUCT: <\/strong>read in ADDITIONAL DETAILS<\/p>\n<p>SHIPPING IN SERBIA is included in product price, by sending product with courier services, except for products purchased on sale 20% or more. Free shipping does not apply on specialy organised transport of big quantities.<\/p>","protected":false},"excerpt":{"rendered":"<p>Outdoor lazy bag fotelja od outdoor materijala koji su \u0161areni i zanimljivi. Uz ovu akciju poklon je okrugli tabure u istom \u0161tofu. Do isteka zaliha, samo po 1 komad od svake boje<\/p>","protected":false},"featured_media":6827,"template":"","meta":[],"product_brand":[],"product_cat":[242],"product_tag":[272,362,268,205],"class_list":{"0":"post-7906","1":"product","2":"type-product","3":"status-publish","4":"has-post-thumbnail","6":"product_cat-outlet","7":"product_tag-lazy_punjenje","8":"product_tag-od-tekstila","9":"product_tag-outdoor","10":"product_tag-vodootporno","12":"first","13":"instock","14":"sale","15":"taxable","16":"shipping-taxable","17":"purchasable","18":"product-type-variable"},"_links":{"self":[{"href":"https:\/\/kiaradezen.com\/en\/wp-json\/wp\/v2\/product\/7906","targetHints":{"allow":["GET"]}}],"collection":[{"href":"https:\/\/kiaradezen.com\/en\/wp-json\/wp\/v2\/product"}],"about":[{"href":"https:\/\/kiaradezen.com\/en\/wp-json\/wp\/v2\/types\/product"}],"wp:featuredmedia":[{"embeddable":true,"href":"https:\/\/kiaradezen.com\/en\/wp-json\/wp\/v2\/media\/6827"}],"wp:attachment":[{"href":"https:\/\/kiaradezen.com\/en\/wp-json\/wp\/v2\/media?parent=7906"}],"wp:term":[{"taxonomy":"product_brand","embeddable":true,"href":"https:\/\/kiaradezen.com\/en\/wp-json\/wp\/v2\/product_brand?post=7906"},{"taxonomy":"product_cat","embeddable":true,"href":"https:\/\/kiaradezen.com\/en\/wp-json\/wp\/v2\/product_cat?post=7906"},{"taxonomy":"product_tag","embeddable":true,"href":"https:\/\/kiaradezen.com\/en\/wp-json\/wp\/v2\/product_tag?post=7906"}],"curies":[{"name":"wp","href":"https:\/\/api.w.org\/{rel}","templated":true}]}}