{"id":7850,"date":"2026-04-06T08:05:22","date_gmt":"2026-04-06T08:05:22","guid":{"rendered":"https:\/\/kiaradezen.com\/?post_type=product&#038;p=7850"},"modified":"2026-04-06T08:07:16","modified_gmt":"2026-04-06T08:07:16","slug":"yuta-lazy-bag-fotelja-premium-knit-indoor-2","status":"publish","type":"product","link":"https:\/\/kiaradezen.com\/en\/product\/yuta-lazy-bag-fotelja-premium-knit-indoor-2\/","title":{"rendered":"Yuta lazy bag fotelja &#8211; premium knit INDOOR"},"content":{"rendered":"<p><strong>SIZE:<\/strong> 80x117; height 40-75cm<\/p>\n<p><strong>KNITTED LAYER FABRIC:<\/strong> poliester mat kanap 4,5mm debljine, simplo pletenje<\/p>\n<p><strong>FABRIC:<\/strong> Nautical faux leather<\/p>\n<p><strong>MATERIJAL KANAPA:<\/strong> PES<\/p>\n<p><strong>FILLING:<\/strong> The product is filled with polystyrene beads.\nOver time and with regular use, the shape of the product may relax slightly, but the filling can be easily refilled.\nYou can refill it yourself \u2014 it is recommended to use a refill bag of approximately 60\u201390 L, which can be easily found online by searching for \u201cbean bag refill\u201d or \u201cpolystyrene beads.\u201d<\/p>\n<p><strong>WARRANTY 2 YEARS. <\/strong>More about warranty read in Terms of use<\/p>\n<p><strong>DEADLINE:<\/strong>Ukoliko proizvod nije na stanju u \u017eeljenoj boji, potvrdom kupovine se poru\u010duje. Rok izrade 10-20 radnih dana osim ukoliko proizvod nabavite u okviru akcije &#8222;poru\u010di van sezone, koristi u sezoni&#8220; kada su rokovi izrade ve\u0107i.<\/p>\n<p><strong>MORE ABOUT USAGE, MAINTENANCE AND DETAILS OF PRODUCT: <\/strong>read in ADDITIONAL DETAILS<\/p>\n<p>SHIPPING IN SERBIA is included in product price, by sending product with courier services, except for products purchased on sale 20% or more. Free shipping does not apply on specialy organised transport of big quantities.<\/p>","protected":false},"excerpt":{"rendered":"<p>Popularna lazy bag fotelja, sa gu\u0161\u0107e pletenim gornjim delom. Ru\u010dni rad. Dimenzija: 80&#215;117 cm.<\/p>","protected":false},"featured_media":6435,"template":"","meta":[],"product_brand":[],"product_cat":[374],"product_tag":[266,272,361,204],"class_list":{"0":"post-7850","1":"product","2":"type-product","3":"status-publish","4":"has-post-thumbnail","6":"product_cat-indoor","7":"product_tag-indoor","8":"product_tag-lazy_punjenje","9":"product_tag-od-kanapa","10":"product_tag-pleteno","12":"first","13":"instock","14":"taxable","15":"shipping-taxable","16":"purchasable","17":"product-type-variable"},"_links":{"self":[{"href":"https:\/\/kiaradezen.com\/en\/wp-json\/wp\/v2\/product\/7850","targetHints":{"allow":["GET"]}}],"collection":[{"href":"https:\/\/kiaradezen.com\/en\/wp-json\/wp\/v2\/product"}],"about":[{"href":"https:\/\/kiaradezen.com\/en\/wp-json\/wp\/v2\/types\/product"}],"wp:featuredmedia":[{"embeddable":true,"href":"https:\/\/kiaradezen.com\/en\/wp-json\/wp\/v2\/media\/6435"}],"wp:attachment":[{"href":"https:\/\/kiaradezen.com\/en\/wp-json\/wp\/v2\/media?parent=7850"}],"wp:term":[{"taxonomy":"product_brand","embeddable":true,"href":"https:\/\/kiaradezen.com\/en\/wp-json\/wp\/v2\/product_brand?post=7850"},{"taxonomy":"product_cat","embeddable":true,"href":"https:\/\/kiaradezen.com\/en\/wp-json\/wp\/v2\/product_cat?post=7850"},{"taxonomy":"product_tag","embeddable":true,"href":"https:\/\/kiaradezen.com\/en\/wp-json\/wp\/v2\/product_tag?post=7850"}],"curies":[{"name":"wp","href":"https:\/\/api.w.org\/{rel}","templated":true}]}}