{"id":7831,"date":"2026-03-28T19:57:07","date_gmt":"2026-03-28T19:57:07","guid":{"rendered":"https:\/\/kiaradezen.com\/?post_type=product&#038;p=7831"},"modified":"2026-04-07T20:21:04","modified_gmt":"2026-04-07T20:21:04","slug":"kiara-lounge-fotelja","status":"publish","type":"product","link":"https:\/\/kiaradezen.com\/en\/product\/kiara-lounge-fotelja\/","title":{"rendered":"Kiara lounge fotelja"},"content":{"rendered":"<p><strong>SIZE:<\/strong> 90x100cm; visina 40-80cm<\/p>\n<p><strong>FABRIC: <\/strong>akril platno, premium naut\u010dkog kvaliteta; akril platno ima najbolju UV opornost, ne bledi godinama I otporan je na vlagu I na bu\u0111; izgleda luksuzno I na dodir je luksuzan materijal, najsli\u010dniji indoor tekstilu I gotovo se ne ose\u0107a \u201cplasti\u010dnost\u201d outdoor materijala<strong><br \/>\n<\/strong><\/p>\n<p><strong>MATERIJAL UNUTRA\u0160NJE NAVLAKE:<\/strong> PES tkanina, otporna na outdoor uslove<\/p>\n<p><strong>FILLING \/ INSERT:<\/strong> <strong>FILLING:<\/strong> The product is filled with polystyrene beads.\nOver time and with regular use, the shape of the product may relax slightly, but the filling can be easily refilled.\nYou can refill it yourself \u2014 it is recommended to use a refill bag of approximately 60\u201390 L, which can be easily found online by searching for \u201cbean bag refill\u201d or \u201cpolystyrene beads.\u201d<\/p>\n<p><strong>GARANCIJA 3 GODINE. <\/strong>More about warranty read in Terms of use<\/p>\n<p><strong>ROK IZRADE: <\/strong>Porud\u017ebine za sve proizvode grupi\u0161emo u dva termina, svakog 1. i 15. mesecu i nakon tog dana kre\u0107e izrada, koja traje 2-3 nedelje.<\/p>\n<p><strong>MORE ABOUT USAGE, MAINTENANCE AND DETAILS OF PRODUCT: <\/strong>read in ADDITIONAL DETAILS<\/p>\n<p>SHIPPING IN SERBIA is included in product price, by sending product with courier services, except for products purchased on sale 20% or more. Free shipping does not apply on specialy organised transport of big quantities.<\/p>","protected":false},"excerpt":{"rendered":"<p>Outdoor lounge foteljica, za udobno zavaljivanje u va\u0161em kutku. Osmi\u0161ljena sa puno detalja koji \u0107e prijati svakom ljubitelju dizajna, i izra\u0111ena od premium outdoor materijala, otpornim na sve vremenske uslove a napribli\u017enijim prirodnom materijalu na dodir.<\/p>\n<p>&nbsp;<\/p>","protected":false},"featured_media":7399,"template":"","meta":[],"product_brand":[],"product_cat":[370],"product_tag":[272,362,268,205],"class_list":{"0":"post-7831","1":"product","2":"type-product","3":"status-publish","4":"has-post-thumbnail","6":"product_cat-fotelje-lezaljke-lejzi-begovi","7":"product_tag-lazy_punjenje","8":"product_tag-od-tekstila","9":"product_tag-outdoor","10":"product_tag-vodootporno","12":"first","13":"onbackorder","14":"taxable","15":"shipping-taxable","16":"purchasable","17":"product-type-variable"},"_links":{"self":[{"href":"https:\/\/kiaradezen.com\/en\/wp-json\/wp\/v2\/product\/7831","targetHints":{"allow":["GET"]}}],"collection":[{"href":"https:\/\/kiaradezen.com\/en\/wp-json\/wp\/v2\/product"}],"about":[{"href":"https:\/\/kiaradezen.com\/en\/wp-json\/wp\/v2\/types\/product"}],"wp:featuredmedia":[{"embeddable":true,"href":"https:\/\/kiaradezen.com\/en\/wp-json\/wp\/v2\/media\/7399"}],"wp:attachment":[{"href":"https:\/\/kiaradezen.com\/en\/wp-json\/wp\/v2\/media?parent=7831"}],"wp:term":[{"taxonomy":"product_brand","embeddable":true,"href":"https:\/\/kiaradezen.com\/en\/wp-json\/wp\/v2\/product_brand?post=7831"},{"taxonomy":"product_cat","embeddable":true,"href":"https:\/\/kiaradezen.com\/en\/wp-json\/wp\/v2\/product_cat?post=7831"},{"taxonomy":"product_tag","embeddable":true,"href":"https:\/\/kiaradezen.com\/en\/wp-json\/wp\/v2\/product_tag?post=7831"}],"curies":[{"name":"wp","href":"https:\/\/api.w.org\/{rel}","templated":true}]}}