{"id":7803,"date":"2026-03-27T13:08:40","date_gmt":"2026-03-27T13:08:40","guid":{"rendered":"https:\/\/kiaradezen.com\/?post_type=product&#038;p=7803"},"modified":"2026-04-02T11:58:49","modified_gmt":"2026-04-02T11:58:49","slug":"salt-ukrasni-jastucic","status":"publish","type":"product","link":"https:\/\/kiaradezen.com\/en\/product\/salt-ukrasni-jastucic\/","title":{"rendered":"Salt ukrasni jastu\u010di\u0107"},"content":{"rendered":"<p><strong>SIZE:<\/strong> 46x26cm<\/p>\n<p><strong>FABRIC:<\/strong> Salt tkanina je klasi\u010dna outdoor tkanina, glatke teksture; sastav je PP olefin tkanina, otporna na outdoor uslove; polipropilen se brzo su\u0161i. otporan je na fleke, na bu\u0111, ima dobru UV stabilnost, i otporan je na habanje<\/p>\n<p><strong>DETALJ:<\/strong> zlatne linije ru\u010dno bojene<\/p>\n<p><strong>FILLING:<\/strong> mix silikonske kuglice<\/p>\n<p><strong>DEADLINE: <\/strong>Ukoliko proizvod nije na stanju u \u017eeljenoj boji, potvrdom kupovine se poru\u010duje. Rok izrade 10-20 radnih dana osim ukoliko proizvod nabavite u okviru akcije &#8222;poru\u010di van sezone, koristi u sezoni&#8220; kada su rokovi izrade ve\u0107i.<\/p>\n<p><strong>MORE ABOUT USAGE, MAINTENANCE AND DETAILS OF PRODUCT: <\/strong>read in ADDITIONAL DETAILS<\/p>\n<p>SHIPPING IN SERBIA is included in product price, by sending product with courier services, except for products purchased on sale 20% or more. Free shipping does not apply on specialy organised transport of big quantities.<\/p>","protected":false},"excerpt":{"rendered":"<p>Ukrasni jastu\u010di\u0107 od outdoor platna sa ru\u010dno bojenim zlatnim linijama; ili bez linija, u klasi\u010dnom outdoor platnu, glatke strukture<\/p>","protected":false},"featured_media":7843,"template":"","meta":[],"product_brand":[],"product_cat":[260],"product_tag":[268,205],"class_list":{"0":"post-7803","1":"product","2":"type-product","3":"status-publish","4":"has-post-thumbnail","6":"product_cat-jastucici-podni-jastuci","7":"product_tag-outdoor","8":"product_tag-vodootporno","10":"first","11":"onbackorder","12":"taxable","13":"shipping-taxable","14":"purchasable","15":"product-type-variable"},"_links":{"self":[{"href":"https:\/\/kiaradezen.com\/en\/wp-json\/wp\/v2\/product\/7803","targetHints":{"allow":["GET"]}}],"collection":[{"href":"https:\/\/kiaradezen.com\/en\/wp-json\/wp\/v2\/product"}],"about":[{"href":"https:\/\/kiaradezen.com\/en\/wp-json\/wp\/v2\/types\/product"}],"wp:featuredmedia":[{"embeddable":true,"href":"https:\/\/kiaradezen.com\/en\/wp-json\/wp\/v2\/media\/7843"}],"wp:attachment":[{"href":"https:\/\/kiaradezen.com\/en\/wp-json\/wp\/v2\/media?parent=7803"}],"wp:term":[{"taxonomy":"product_brand","embeddable":true,"href":"https:\/\/kiaradezen.com\/en\/wp-json\/wp\/v2\/product_brand?post=7803"},{"taxonomy":"product_cat","embeddable":true,"href":"https:\/\/kiaradezen.com\/en\/wp-json\/wp\/v2\/product_cat?post=7803"},{"taxonomy":"product_tag","embeddable":true,"href":"https:\/\/kiaradezen.com\/en\/wp-json\/wp\/v2\/product_tag?post=7803"}],"curies":[{"name":"wp","href":"https:\/\/api.w.org\/{rel}","templated":true}]}}