{"id":7750,"date":"2026-03-27T12:32:51","date_gmt":"2026-03-27T12:32:51","guid":{"rendered":"https:\/\/kiaradezen.com\/?post_type=product&#038;p=7750"},"modified":"2026-03-27T12:36:03","modified_gmt":"2026-03-27T12:36:03","slug":"pouf-tabure-premium-knit-indoor","status":"publish","type":"product","link":"https:\/\/kiaradezen.com\/en\/product\/pouf-tabure-premium-knit-indoor\/","title":{"rendered":"Pouf tabure &#8211; premium knit INDOOR"},"content":{"rendered":"<p><strong>SIZE:<\/strong> 80x50x40cm<\/p>\n<p><strong>KNITTED LAYER FABRIC:<\/strong> poliester mat kanap 4,5mm debljine; simplo pletenje<\/p>\n<p><strong>FABRIC MATERIAL:<\/strong> Nautical faux leather<\/p>\n<p><strong>FILLING:<\/strong> Ceo tabure napunjen je stiroporskim kuglicama. Posle odre\u0111enog vremena kori\u0161\u0107enja oblik taburea \u0107e se opustiti a punjenje je lako dopuniti. Za dopunu punjenja preporu\u010duje se da se nabavi d\u017eak od 50-60l, koji mo\u017eete lako nabaviti ukoliko na internetu tra\u017eite &#8222;dopunu za lejzi bag&#8220;, ili &#8222;stiroporske kuglice&#8220;.<\/p>\n<p><strong>WARRANTY 2 YEARS. <\/strong>More about warranty read in Terms of use<\/p>\n<p><strong>DEADLINE:<\/strong>Ukoliko proizvod nije na stanju u \u017eeljenoj boji, potvrdom kupovine se poru\u010duje. Rok izrade 10-20 radnih dana osim ukoliko proizvod nabavite u okviru akcije &#8222;poru\u010di van sezone, koristi u sezoni&#8220; kada su rokovi izrade ve\u0107i.<\/p>\n<p><strong>MORE ABOUT USAGE, MAINTENANCE AND DETAILS OF PRODUCT: <\/strong>read in ADDITIONAL DETAILS<\/p>\n<p>SHIPPING IN SERBIA is included in product price, by sending product with courier services, except for products purchased on sale 20% or more. Free shipping does not apply on specialy organised transport of big quantities.<\/p>","protected":false},"excerpt":{"rendered":"<p>Outdoor footrest ottoman made to complete Yutta lazy bag, with upper knitted part. Hand made. Size 80x50 cm<\/p>","protected":false},"featured_media":4314,"template":"","meta":[],"product_brand":[],"product_cat":[374],"product_tag":[266,272,361,204],"class_list":{"0":"post-7750","1":"product","2":"type-product","3":"status-publish","4":"has-post-thumbnail","6":"product_cat-indoor","7":"product_tag-indoor","8":"product_tag-lazy_punjenje","9":"product_tag-od-kanapa","10":"product_tag-pleteno","12":"first","13":"onbackorder","14":"taxable","15":"shipping-taxable","16":"purchasable","17":"product-type-variable"},"_links":{"self":[{"href":"https:\/\/kiaradezen.com\/en\/wp-json\/wp\/v2\/product\/7750","targetHints":{"allow":["GET"]}}],"collection":[{"href":"https:\/\/kiaradezen.com\/en\/wp-json\/wp\/v2\/product"}],"about":[{"href":"https:\/\/kiaradezen.com\/en\/wp-json\/wp\/v2\/types\/product"}],"wp:featuredmedia":[{"embeddable":true,"href":"https:\/\/kiaradezen.com\/en\/wp-json\/wp\/v2\/media\/4314"}],"wp:attachment":[{"href":"https:\/\/kiaradezen.com\/en\/wp-json\/wp\/v2\/media?parent=7750"}],"wp:term":[{"taxonomy":"product_brand","embeddable":true,"href":"https:\/\/kiaradezen.com\/en\/wp-json\/wp\/v2\/product_brand?post=7750"},{"taxonomy":"product_cat","embeddable":true,"href":"https:\/\/kiaradezen.com\/en\/wp-json\/wp\/v2\/product_cat?post=7750"},{"taxonomy":"product_tag","embeddable":true,"href":"https:\/\/kiaradezen.com\/en\/wp-json\/wp\/v2\/product_tag?post=7750"}],"curies":[{"name":"wp","href":"https:\/\/api.w.org\/{rel}","templated":true}]}}