{"id":7732,"date":"2026-03-27T11:24:04","date_gmt":"2026-03-27T11:24:04","guid":{"rendered":"https:\/\/kiaradezen.com\/?post_type=product&#038;p=7732"},"modified":"2026-03-27T11:30:07","modified_gmt":"2026-03-27T11:30:07","slug":"bikini-lounge-lezaljka-2","status":"publish","type":"product","link":"https:\/\/kiaradezen.com\/en\/product\/bikini-lounge-lezaljka-2\/","title":{"rendered":"Bikini Lounge sunbed\/ bean bag"},"content":{"rendered":"<p><strong>SIZE:<\/strong> 70x190cm; height 40-85cm<\/p>\n<p><strong>FABRIC: <\/strong>PP olefin tkanina, otporna na outdoor uslove; + trikota\u017eno pleteni gornji sloj od poliester konca; polipropilen se brzo su\u0161i. otporan je na fleke, na bu\u0111, ima dobru UV stabilnost, i otporan je.<\/p>\n<p><strong>MATERIJAL UNUTRA\u0160NJE NAVLAKE:<\/strong> PES tkanina, otporna na outdoor uslove<\/p>\n<p><strong>FILLING \/ INSERT:<\/strong> Cela le\u017ealjka punjena je stiroporskim kuglicama u zasebnom ulo\u0161ku podeljenim u komore, radi boljeg u\u017eitka le\u017eanja. Posle odre\u0111enog vremena kori\u0161\u0107enja oblik le\u017ealjke \u0107e se opustiti a punjenje je lako dopuniti. Punjenje mo\u017eete dopuniti sami: za dopunu punjenja preporu\u010duje se da se nabavi d\u017eak od oko 100l koji lako mo\u017eete nabaviti ukoliko na internetu tra\u017eite &#8222;dopunu za lejzi bag&#8220;, ili &#8222;stiroporske kuglice&#8220;.<\/p>\n<p><strong>WARRANTY 2 YEARS. <\/strong>More about warranty read in Terms of use<\/p>\n<p><strong>DEADLINE:<\/strong>Ukoliko proizvod nije na stanju u \u017eeljenoj boji, potvrdom kupovine se poru\u010duje. Rok izrade 10-20 radnih dana osim ukoliko proizvod nabavite u okviru akcije &#8222;poru\u010di van sezone, koristi u sezoni&#8220; kada su rokovi izrade ve\u0107i.<\/p>\n<p><strong>MORE ABOUT USAGE, MAINTENANCE AND DETAILS OF PRODUCT: <\/strong>read in ADDITIONAL DETAILS<\/p>\n<p>SHIPPING IN SERBIA is included in product price, by sending product with courier services, except for products purchased on sale 20% or more. Free shipping does not apply on specialy organised transport of big quantities.<\/p>","protected":false},"excerpt":{"rendered":"<p>Outdoor lazy bag le\u017ealjka za sun\u010danje, napravljena od dva materijala razli\u010dite teksture a iste boje uklopljenih zbog estetike proizvoda. Mekana i prijatna na dodir.<\/p>","protected":false},"featured_media":5867,"template":"","meta":[],"product_brand":[],"product_cat":[370],"product_tag":[272,362,268,205],"class_list":{"0":"post-7732","1":"product","2":"type-product","3":"status-publish","4":"has-post-thumbnail","6":"product_cat-fotelje-lezaljke-lejzi-begovi","7":"product_tag-lazy_punjenje","8":"product_tag-od-tekstila","9":"product_tag-outdoor","10":"product_tag-vodootporno","12":"first","13":"instock","14":"sale","15":"taxable","16":"shipping-taxable","17":"purchasable","18":"product-type-variable"},"_links":{"self":[{"href":"https:\/\/kiaradezen.com\/en\/wp-json\/wp\/v2\/product\/7732","targetHints":{"allow":["GET"]}}],"collection":[{"href":"https:\/\/kiaradezen.com\/en\/wp-json\/wp\/v2\/product"}],"about":[{"href":"https:\/\/kiaradezen.com\/en\/wp-json\/wp\/v2\/types\/product"}],"wp:featuredmedia":[{"embeddable":true,"href":"https:\/\/kiaradezen.com\/en\/wp-json\/wp\/v2\/media\/5867"}],"wp:attachment":[{"href":"https:\/\/kiaradezen.com\/en\/wp-json\/wp\/v2\/media?parent=7732"}],"wp:term":[{"taxonomy":"product_brand","embeddable":true,"href":"https:\/\/kiaradezen.com\/en\/wp-json\/wp\/v2\/product_brand?post=7732"},{"taxonomy":"product_cat","embeddable":true,"href":"https:\/\/kiaradezen.com\/en\/wp-json\/wp\/v2\/product_cat?post=7732"},{"taxonomy":"product_tag","embeddable":true,"href":"https:\/\/kiaradezen.com\/en\/wp-json\/wp\/v2\/product_tag?post=7732"}],"curies":[{"name":"wp","href":"https:\/\/api.w.org\/{rel}","templated":true}]}}