{"id":7694,"date":"2026-03-20T14:05:05","date_gmt":"2026-03-20T14:05:05","guid":{"rendered":"https:\/\/kiaradezen.com\/?post_type=product&#038;p=7694"},"modified":"2026-04-06T07:45:34","modified_gmt":"2026-04-06T07:45:34","slug":"mini-lazy-fotelja","status":"publish","type":"product","link":"https:\/\/kiaradezen.com\/en\/product\/mini-lazy-fotelja\/","title":{"rendered":"Mini outdoor lazy fotelja"},"content":{"rendered":"<p><strong>SIZE:<\/strong> pre\u010dnik 90, visina 90cm<\/p>\n<p><strong>FABRIC:<\/strong> PP olefin tkanina, otporna na outdoor uslove; polipropilen se brzo su\u0161i. otporan je na fleke, na bu\u0111, ima dobru UV stabilnost, i otporan je.<\/p>\n<p><strong>MATERIJAL UNUTRA\u0160NJE NAVLAKE:<\/strong> PES tkanina, otporna na outdoor uslove<\/p>\n<p><strong>FILLING:<\/strong> Ceo lejzi beg napunjen je stiroporskim kuglicama. Posle odre\u0111enog vremena kori\u0161\u0107enja oblik \u0107e se opustiti a punjenje je lako dopuniti. Punjenje mo\u017eete dopuniti sami: za dopunu punjenja preporu\u010duje se da se nabavi d\u017eak od 60-90l koji lako mo\u017eete nabaviti ukoliko na internetu tra\u017eite &#8222;dopunu za lejzi bag&#8220;, ili &#8222;stiroporske kuglice&#8220;.<\/p>\n<p><strong>WARRANTY 2 YEARS. <\/strong>More about warranty read in Terms of use<\/p>\n<p><strong>DEADLINE: <\/strong>Ukoliko proizvod nije na stanju u \u017eeljenoj boji, potvrdom kupovine se poru\u010duje. Rok izrade 10-20 radnih dana osim ukoliko proizvod nabavite u okviru akcije &#8222;poru\u010di van sezone, koristi u sezoni&#8220; kada su rokovi izrade ve\u0107i.<\/p>\n<p><strong>MORE ABOUT USAGE, MAINTENANCE AND DETAILS OF PRODUCT: <\/strong>read in ADDITIONAL DETAILS<\/p>\n<p>SHIPPING IN SERBIA is included in product price, by sending product with courier services, except for products purchased on sale 20% or more. Free shipping does not apply on specialy organised transport of big quantities.<\/p>","protected":false},"excerpt":{"rendered":"<p>Outdoor lazy bag okruglo oblika, napravljen kao foteljica od zanimljive outdoor tkanine u dva dezena: \u0161areni aladin ili ne\u017eni teddy outdoor<\/p>\n<p>&nbsp;<\/p>","protected":false},"featured_media":7680,"template":"","meta":[],"product_brand":[],"product_cat":[370],"product_tag":[272,268,205],"class_list":{"0":"post-7694","1":"product","2":"type-product","3":"status-publish","4":"has-post-thumbnail","6":"product_cat-fotelje-lezaljke-lejzi-begovi","7":"product_tag-lazy_punjenje","8":"product_tag-outdoor","9":"product_tag-vodootporno","11":"first","12":"onbackorder","13":"taxable","14":"shipping-taxable","15":"purchasable","16":"product-type-variable"},"_links":{"self":[{"href":"https:\/\/kiaradezen.com\/en\/wp-json\/wp\/v2\/product\/7694","targetHints":{"allow":["GET"]}}],"collection":[{"href":"https:\/\/kiaradezen.com\/en\/wp-json\/wp\/v2\/product"}],"about":[{"href":"https:\/\/kiaradezen.com\/en\/wp-json\/wp\/v2\/types\/product"}],"wp:featuredmedia":[{"embeddable":true,"href":"https:\/\/kiaradezen.com\/en\/wp-json\/wp\/v2\/media\/7680"}],"wp:attachment":[{"href":"https:\/\/kiaradezen.com\/en\/wp-json\/wp\/v2\/media?parent=7694"}],"wp:term":[{"taxonomy":"product_brand","embeddable":true,"href":"https:\/\/kiaradezen.com\/en\/wp-json\/wp\/v2\/product_brand?post=7694"},{"taxonomy":"product_cat","embeddable":true,"href":"https:\/\/kiaradezen.com\/en\/wp-json\/wp\/v2\/product_cat?post=7694"},{"taxonomy":"product_tag","embeddable":true,"href":"https:\/\/kiaradezen.com\/en\/wp-json\/wp\/v2\/product_tag?post=7694"}],"curies":[{"name":"wp","href":"https:\/\/api.w.org\/{rel}","templated":true}]}}