{"id":7672,"date":"2026-03-20T13:51:21","date_gmt":"2026-03-20T13:51:21","guid":{"rendered":"https:\/\/kiaradezen.com\/?post_type=product&#038;p=7672"},"modified":"2026-04-09T09:30:58","modified_gmt":"2026-04-09T09:30:58","slug":"bombica-outdoor-lejzi","status":"publish","type":"product","link":"https:\/\/kiaradezen.com\/en\/product\/bombica-outdoor-lejzi\/","title":{"rendered":"BOMBICA outdoor lazy bag"},"content":{"rendered":"<p><strong>SIZE:<\/strong> pre\u010dnik 85, visina 80cm<\/p>\n<p><strong>KNITTED LAYER FABRIC:<\/strong> polyester matt rope, 4,5mm thickness, UV stable and water resistant<\/p>\n<p><strong>MATERIAL OF FILLED INSERT:<\/strong> PVC outdoor fabric<\/p>\n<p><strong>FILLING:<\/strong> Ceo lejzi beg napunjen je stiroporskim kuglicama. Posle odre\u0111enog vremena kori\u0161\u0107enja oblik \u0107e se opustiti a punjenje je lako dopuniti. Punjenje mo\u017eete dopuniti sami: za dopunu punjenja preporu\u010duje se da se nabavi d\u017eak od 60-90l koji lako mo\u017eete nabaviti ukoliko na internetu tra\u017eite &#8222;dopunu za lejzi bag&#8220;, ili &#8222;stiroporske kuglice&#8220;.<\/p>\n<p><strong>WARRANTY 2 YEARS. <\/strong>More about warranty read in Terms of use<\/p>\n<p><strong>DEADLINE: <\/strong>Ukoliko proizvod nije na stanju u \u017eeljenoj boji, potvrdom kupovine se poru\u010duje. Rok izrade 10-20 radnih dana osim ukoliko proizvod nabavite u okviru akcije &#8222;poru\u010di van sezone, koristi u sezoni&#8220; kada su rokovi izrade ve\u0107i.<\/p>\n<p><strong>MORE ABOUT USAGE, MAINTENANCE AND DETAILS OF PRODUCT: <\/strong>read in ADDITIONAL DETAILS<\/p>\n<p>SHIPPING IN SERBIA is included in product price, by sending product with courier services, except for products purchased on sale 20% or more. Free shipping does not apply on specialy organised transport of big quantities.<\/p>","protected":false},"excerpt":{"rendered":"<p>Outdoor lazy bag klasik oblika i veoma atraktivnog izgleda, izdr\u017eljiva za sve outdoor uslove, ru\u010dno pletena<\/p>","protected":false},"featured_media":7675,"template":"","meta":[],"product_brand":[],"product_cat":[370],"product_tag":[272,361,268,205],"class_list":{"0":"post-7672","1":"product","2":"type-product","3":"status-publish","4":"has-post-thumbnail","6":"product_cat-fotelje-lezaljke-lejzi-begovi","7":"product_tag-lazy_punjenje","8":"product_tag-od-kanapa","9":"product_tag-outdoor","10":"product_tag-vodootporno","12":"first","13":"onbackorder","14":"taxable","15":"shipping-taxable","16":"purchasable","17":"product-type-variable"},"_links":{"self":[{"href":"https:\/\/kiaradezen.com\/en\/wp-json\/wp\/v2\/product\/7672","targetHints":{"allow":["GET"]}}],"collection":[{"href":"https:\/\/kiaradezen.com\/en\/wp-json\/wp\/v2\/product"}],"about":[{"href":"https:\/\/kiaradezen.com\/en\/wp-json\/wp\/v2\/types\/product"}],"wp:featuredmedia":[{"embeddable":true,"href":"https:\/\/kiaradezen.com\/en\/wp-json\/wp\/v2\/media\/7675"}],"wp:attachment":[{"href":"https:\/\/kiaradezen.com\/en\/wp-json\/wp\/v2\/media?parent=7672"}],"wp:term":[{"taxonomy":"product_brand","embeddable":true,"href":"https:\/\/kiaradezen.com\/en\/wp-json\/wp\/v2\/product_brand?post=7672"},{"taxonomy":"product_cat","embeddable":true,"href":"https:\/\/kiaradezen.com\/en\/wp-json\/wp\/v2\/product_cat?post=7672"},{"taxonomy":"product_tag","embeddable":true,"href":"https:\/\/kiaradezen.com\/en\/wp-json\/wp\/v2\/product_tag?post=7672"}],"curies":[{"name":"wp","href":"https:\/\/api.w.org\/{rel}","templated":true}]}}