{"id":7650,"date":"2026-03-20T10:02:06","date_gmt":"2026-03-20T10:02:06","guid":{"rendered":"https:\/\/kiaradezen.com\/?post_type=product&#038;p=7650"},"modified":"2026-03-27T10:50:56","modified_gmt":"2026-03-27T10:50:56","slug":"vodonepropustan-prekrivac-za-fotelje-i-lezaljke","status":"publish","type":"product","link":"https:\/\/kiaradezen.com\/en\/product\/vodonepropustan-prekrivac-za-fotelje-i-lezaljke\/","title":{"rendered":"Vodonepropustan prekriva\u010d za fotelje i le\u017ealjke"},"content":{"rendered":"<p><strong>FABRIC: <\/strong>100% PES vodonepropusni<strong><br \/>\n<\/strong><\/p>\n<p><strong>OBRADA DONJE IVICE:<\/strong> u donjoj ivici u\u0161iveno je olovo kako bi prekriva\u010d ostao zategnut i \u010dvrt na vetru<\/p>\n<p><strong>NOTE: <\/strong>Prekriva\u010d nema dno; kupovinom ovog proizvoda kupujete samo prekriva\u010d za odabrane fotelje ili le\u017ealjke<\/p>\n<p><strong>ROK IZRADE: <\/strong>Porud\u017ebine za sve proizvode grupi\u0161emo u dva termina, svakog 1. i 15. mesecu i nakon tog dana kre\u0107e izrada, koja traje 2-3 nedelje.<\/p>\n<p>SHIPPING IN SERBIA is included in product price, by sending product with courier services, except for products purchased on sale 20% or more. Free shipping does not apply on specialy organised transport of big quantities.<\/p>","protected":false},"excerpt":{"rendered":"<p>Vodonepropustan prekriva\u010d bez dna za lako skidanje i stavljanje preko le\u017ealjki i fotelja. Donja ivica ima u\u0161ivno ote\u017eanje kako bi prekriva\u010d zategnuto stajao na proizvodu. Nemamo slike svakog modela prekriva\u010da, a vi odaberite model koji imate u opcijama kupovine<\/p>\n<p>&nbsp;<\/p>","protected":false},"featured_media":6446,"template":"","meta":[],"product_brand":[],"product_cat":[365],"product_tag":[272,362,268,205],"class_list":{"0":"post-7650","1":"product","2":"type-product","3":"status-publish","4":"has-post-thumbnail","6":"product_cat-dodaci","7":"product_tag-lazy_punjenje","8":"product_tag-od-tekstila","9":"product_tag-outdoor","10":"product_tag-vodootporno","12":"first","13":"onbackorder","14":"taxable","15":"shipping-taxable","16":"purchasable","17":"product-type-variable"},"_links":{"self":[{"href":"https:\/\/kiaradezen.com\/en\/wp-json\/wp\/v2\/product\/7650","targetHints":{"allow":["GET"]}}],"collection":[{"href":"https:\/\/kiaradezen.com\/en\/wp-json\/wp\/v2\/product"}],"about":[{"href":"https:\/\/kiaradezen.com\/en\/wp-json\/wp\/v2\/types\/product"}],"wp:featuredmedia":[{"embeddable":true,"href":"https:\/\/kiaradezen.com\/en\/wp-json\/wp\/v2\/media\/6446"}],"wp:attachment":[{"href":"https:\/\/kiaradezen.com\/en\/wp-json\/wp\/v2\/media?parent=7650"}],"wp:term":[{"taxonomy":"product_brand","embeddable":true,"href":"https:\/\/kiaradezen.com\/en\/wp-json\/wp\/v2\/product_brand?post=7650"},{"taxonomy":"product_cat","embeddable":true,"href":"https:\/\/kiaradezen.com\/en\/wp-json\/wp\/v2\/product_cat?post=7650"},{"taxonomy":"product_tag","embeddable":true,"href":"https:\/\/kiaradezen.com\/en\/wp-json\/wp\/v2\/product_tag?post=7650"}],"curies":[{"name":"wp","href":"https:\/\/api.w.org\/{rel}","templated":true}]}}