{"id":7444,"date":"2025-12-04T15:31:49","date_gmt":"2025-12-04T15:31:49","guid":{"rendered":"https:\/\/kiaradezen.com\/?post_type=product&#038;p=7444"},"modified":"2026-02-17T15:57:10","modified_gmt":"2026-02-17T15:57:10","slug":"rucno-pletena-kapa","status":"publish","type":"product","link":"https:\/\/kiaradezen.com\/en\/product\/rucno-pletena-kapa\/","title":{"rendered":"Ru\u010dno pletena kapa"},"content":{"rendered":"<p><strong>SIZE:<\/strong> one size<\/p>\n<p><strong style=\"font-size: 1.125rem;\">FABRIC: <\/strong><span style=\"font-size: 1.125rem;\">49%vuna, 59%akril<\/span><\/p>\n<p><strong style=\"font-size: 1.125rem;\">DETAILS:<\/strong><span style=\"font-size: 1.125rem;\"> ko\u017ena etiketica<\/span><\/p>\n<p>PO\u0160TARINA NA TERITORIJI SRBIJE JE BESPLATNA slanjem proizvoda preko kurirskih slu\u017ebi, osim za porud\u017ebine koje uklju\u010duju outlet proizvode (proizvode sni\u017eene 20% ili\u00a0vi\u0161e). \u00a0Besplatna po\u0161tarina ne va\u017ei za posebno organizovane transporte ve\u0107ih koli\u010dina<\/p>","protected":false},"excerpt":{"rendered":"<p>Ru\u010dno pletene kapice sa ko\u017enom etiketom<\/p>","protected":false},"featured_media":4868,"template":"","meta":[],"product_brand":[],"product_cat":[242],"product_tag":[276,224,270],"class_list":{"0":"post-7444","1":"product","2":"type-product","3":"status-publish","4":"has-post-thumbnail","6":"product_cat-outlet","7":"product_tag-heklano","8":"product_tag-na-stanju","9":"product_tag-pamuk","11":"first","12":"outofstock","13":"sale","14":"taxable","15":"shipping-taxable","16":"purchasable","17":"product-type-variable"},"_links":{"self":[{"href":"https:\/\/kiaradezen.com\/en\/wp-json\/wp\/v2\/product\/7444","targetHints":{"allow":["GET"]}}],"collection":[{"href":"https:\/\/kiaradezen.com\/en\/wp-json\/wp\/v2\/product"}],"about":[{"href":"https:\/\/kiaradezen.com\/en\/wp-json\/wp\/v2\/types\/product"}],"wp:featuredmedia":[{"embeddable":true,"href":"https:\/\/kiaradezen.com\/en\/wp-json\/wp\/v2\/media\/4868"}],"wp:attachment":[{"href":"https:\/\/kiaradezen.com\/en\/wp-json\/wp\/v2\/media?parent=7444"}],"wp:term":[{"taxonomy":"product_brand","embeddable":true,"href":"https:\/\/kiaradezen.com\/en\/wp-json\/wp\/v2\/product_brand?post=7444"},{"taxonomy":"product_cat","embeddable":true,"href":"https:\/\/kiaradezen.com\/en\/wp-json\/wp\/v2\/product_cat?post=7444"},{"taxonomy":"product_tag","embeddable":true,"href":"https:\/\/kiaradezen.com\/en\/wp-json\/wp\/v2\/product_tag?post=7444"}],"curies":[{"name":"wp","href":"https:\/\/api.w.org\/{rel}","templated":true}]}}