{"id":7392,"date":"2025-11-21T09:19:50","date_gmt":"2025-11-21T09:19:50","guid":{"rendered":"https:\/\/kiaradezen.com\/?post_type=product&#038;p=7392"},"modified":"2026-04-09T09:33:54","modified_gmt":"2026-04-09T09:33:54","slug":"kiara-lounge-fotelja-indoor","status":"publish","type":"product","link":"https:\/\/kiaradezen.com\/en\/product\/kiara-lounge-fotelja-indoor\/","title":{"rendered":"Kiara lounge fotelja INDOOR"},"content":{"rendered":"<p><strong>SIZE:<\/strong> 90x100cm; visina 40-80cm<\/p>\n<p><strong>FABRIC:<br \/>\nlan<\/strong>: poliester 70%, lan 30%;<br \/>\n<strong>pli\u0161: <\/strong>58%PES, 22% viskoza, 12% pamuk, 8% lan;<br \/>\n<strong>somot:\u00a0<\/strong>77% PES, 23% viskoza<\/p>\n<p><strong>FILLING \/ INSERT:<\/strong> Fotelja je punjenja me\u0161avinom seckanog sudnjera i stiroporskih kuglica u razmeri 50-50, u zasebnom ulo\u0161ku, koji se po potrebi mo\u017ee dopuniti. Ova me\u0161avina daje maksimalni u\u017eitak i prakti\u010dnost, udobnost je zagarantovana i zbog \u010dvrsto\u0107e i plagodljivosti kuglica i zbog mekanosti sundjera, a i sam oblik \u0107e du\u017ee trajati zbog sundjera koji du\u017ee dr\u017ei formu od kuglica.<\/p>\n<p><strong>GARANCIJA 3 GODINE. <\/strong>More about warranty read in Terms of use<\/p>\n<p><strong>ROK IZRADE: <\/strong>Porud\u017ebine za sve proizvode grupi\u0161emo u dva termina, svakog 1. i 15. mesecu i nakon tog dana kre\u0107e izrada, koja traje 2-3 nedelje.<\/p>\n<p><strong>MORE ABOUT USAGE, MAINTENANCE AND DETAILS OF PRODUCT: <\/strong>read in ADDITIONAL DETAILS<\/p>\n<p>SHIPPING IN SERBIA is included in product price, by sending product with courier services, except for products purchased on sale 20% or more. Free shipping does not apply on specialy organised transport of big quantities.<\/p>","protected":false},"excerpt":{"rendered":"<p>Indoor lounge foteljica, za udobno zavaljivanje u va\u0161em kutku. Osmi\u0161ljena sa puno detalja koji \u0107e prijati svakom ljubitelju dizajna, i izra\u0111ena od materijala koji imaju 23-30% prirodnih vlakana. Dostupna u vi\u0161e teksutra tkanine, od lana do pli\u0161a ili somota.<\/p>\n<p>&nbsp;<\/p>","protected":false},"featured_media":7399,"template":"","meta":[],"product_brand":[],"product_cat":[374],"product_tag":[266,362],"class_list":{"0":"post-7392","1":"product","2":"type-product","3":"status-publish","4":"has-post-thumbnail","6":"product_cat-indoor","7":"product_tag-indoor","8":"product_tag-od-tekstila","10":"first","11":"onbackorder","12":"taxable","13":"shipping-taxable","14":"purchasable","15":"product-type-variable"},"_links":{"self":[{"href":"https:\/\/kiaradezen.com\/en\/wp-json\/wp\/v2\/product\/7392","targetHints":{"allow":["GET"]}}],"collection":[{"href":"https:\/\/kiaradezen.com\/en\/wp-json\/wp\/v2\/product"}],"about":[{"href":"https:\/\/kiaradezen.com\/en\/wp-json\/wp\/v2\/types\/product"}],"wp:featuredmedia":[{"embeddable":true,"href":"https:\/\/kiaradezen.com\/en\/wp-json\/wp\/v2\/media\/7399"}],"wp:attachment":[{"href":"https:\/\/kiaradezen.com\/en\/wp-json\/wp\/v2\/media?parent=7392"}],"wp:term":[{"taxonomy":"product_brand","embeddable":true,"href":"https:\/\/kiaradezen.com\/en\/wp-json\/wp\/v2\/product_brand?post=7392"},{"taxonomy":"product_cat","embeddable":true,"href":"https:\/\/kiaradezen.com\/en\/wp-json\/wp\/v2\/product_cat?post=7392"},{"taxonomy":"product_tag","embeddable":true,"href":"https:\/\/kiaradezen.com\/en\/wp-json\/wp\/v2\/product_tag?post=7392"}],"curies":[{"name":"wp","href":"https:\/\/api.w.org\/{rel}","templated":true}]}}