{"id":7353,"date":"2025-11-06T11:16:32","date_gmt":"2025-11-06T11:16:32","guid":{"rendered":"https:\/\/kiaradezen.com\/?post_type=product&#038;p=7353"},"modified":"2026-04-06T07:49:00","modified_gmt":"2026-04-06T07:49:00","slug":"xxl-podni-jastuk-premium","status":"publish","type":"product","link":"https:\/\/kiaradezen.com\/en\/product\/xxl-podni-jastuk-premium\/","title":{"rendered":"Coco plutaju\u0107i jastuk"},"content":{"rendered":"<p><strong>NOTE:<\/strong> ukrasni jastu\u010di\u0107 se kupuje zasebno<\/p>\n<p><strong>SIZE:<\/strong> 140x140x18cm<\/p>\n<p><strong>FABRIC: <\/strong>Outdoor fabric in two different textures yet same colour<\/p>\n<p><strong>FILLING \/ INSERT:<\/strong> Podni jastuk punjen je stiroporskim kuglicama u zasebnom ulo\u0161ku. Posle odre\u0111enog vremena kori\u0161\u0107enja oblik jastuka \u0107e se opustiti a punjenje je lako dopuniti. Punjenje mo\u017eete dopuniti sami: za dopunu punjenja preporu\u010duje se da se nabavi d\u017eak od 60-90l koji lako mo\u017eete nabaviti ukoliko na internetu tra\u017eite &#8222;dopunu za lejzi bag&#8220;, ili &#8222;stiroporske kuglice&#8220;.<\/p>\n<p><strong>PLUTANJE u vodi:<\/strong> Ovaj podni jastuk mo\u017eete koristiti u bazenu, s tim da je preporuka da se nakon svakog dana izvaadi iz vode da bi se vi\u0161ak vode iz njega iscedio.<\/p>\n<p><strong>WARRANTY 2 YEARS. <\/strong>More about warranty read in Terms of use<\/p>\n<p><strong>DEADLINE: <\/strong>Ukoliko proizvod nije na stanju u \u017eeljenoj boji, potvrdom kupovine se poru\u010duje. Rok izrade 10-20 radnih dana osim ukoliko proizvod nabavite u okviru akcije &#8222;poru\u010di van sezone, koristi u sezoni&#8220; kada su rokovi izrade ve\u0107i.<\/p>\n<p><strong>MORE ABOUT USAGE, MAINTENANCE AND DETAILS OF PRODUCT: <\/strong>read in ADDITIONAL DETAILS<\/p>\n<p>SHIPPING IN SERBIA is included in product price, by sending product with courier services, except for products purchased on sale 20% or more. Free shipping does not apply on specialy organised transport of big quantities.<\/p>","protected":false},"excerpt":{"rendered":"<p>Outdoor lazy podni jastuk velikih dimenzija, od premium outdoor materijala, iskrojen od dva materijala razli\u010dite strukture a iste boje, tako da jastuk dobija zanimljiv dizajn; ukrasni jastu\u010di\u0107 dodatno upotpunjuje u\u017eitak kori\u0161\u0107enja podnog jastuka. Ovaj podni jastuk mo\u017ee da pluta u bazenu<\/p>","protected":false},"featured_media":7287,"template":"","meta":[],"product_brand":[],"product_cat":[373],"product_tag":[272,362,268,205],"class_list":{"0":"post-7353","1":"product","2":"type-product","3":"status-publish","4":"has-post-thumbnail","6":"product_cat-plutajuci-komadi","7":"product_tag-lazy_punjenje","8":"product_tag-od-tekstila","9":"product_tag-outdoor","10":"product_tag-vodootporno","12":"first","13":"onbackorder","14":"taxable","15":"shipping-taxable","16":"purchasable","17":"product-type-variable"},"_links":{"self":[{"href":"https:\/\/kiaradezen.com\/en\/wp-json\/wp\/v2\/product\/7353","targetHints":{"allow":["GET"]}}],"collection":[{"href":"https:\/\/kiaradezen.com\/en\/wp-json\/wp\/v2\/product"}],"about":[{"href":"https:\/\/kiaradezen.com\/en\/wp-json\/wp\/v2\/types\/product"}],"wp:featuredmedia":[{"embeddable":true,"href":"https:\/\/kiaradezen.com\/en\/wp-json\/wp\/v2\/media\/7287"}],"wp:attachment":[{"href":"https:\/\/kiaradezen.com\/en\/wp-json\/wp\/v2\/media?parent=7353"}],"wp:term":[{"taxonomy":"product_brand","embeddable":true,"href":"https:\/\/kiaradezen.com\/en\/wp-json\/wp\/v2\/product_brand?post=7353"},{"taxonomy":"product_cat","embeddable":true,"href":"https:\/\/kiaradezen.com\/en\/wp-json\/wp\/v2\/product_cat?post=7353"},{"taxonomy":"product_tag","embeddable":true,"href":"https:\/\/kiaradezen.com\/en\/wp-json\/wp\/v2\/product_tag?post=7353"}],"curies":[{"name":"wp","href":"https:\/\/api.w.org\/{rel}","templated":true}]}}