{"id":7331,"date":"2025-11-06T11:02:15","date_gmt":"2025-11-06T11:02:15","guid":{"rendered":"https:\/\/kiaradezen.com\/?post_type=product&#038;p=7331"},"modified":"2026-04-04T12:22:04","modified_gmt":"2026-04-04T12:22:04","slug":"malibu-lounge-lezaljka-lenjivac-new-2026","status":"publish","type":"product","link":"https:\/\/kiaradezen.com\/en\/product\/malibu-lounge-lezaljka-lenjivac-new-2026\/","title":{"rendered":"Kiara lounger le\u017ealjka"},"content":{"rendered":"<p><strong>SIZE:<\/strong> 80x190cm; visina 40-85cm<\/p>\n<p><strong>FABRIC: <\/strong>akril platno, premium naut\u010dkog kvaliteta; akril platno ima najbolju UV opornost, ne bledi godinama I otporan je na vlagu I na bu\u0111; izgleda luksuzno I na dodir je luksuzan materijal, najsli\u010dniji indoor tekstilu I gotovo se ne ose\u0107a \u201cplasti\u010dnost\u201d outdoor materijala.<\/p>\n<p><strong>MATERIJAL UNUTRA\u0160NJE NAVLAKE:<\/strong> PES tkanina, otporna na outdoor uslove<\/p>\n<p><strong>FILLING \/ INSERT:<\/strong> Cela le\u017ealjka punjena je stiroporskim kuglicama u zasebnom ulo\u0161ku podeljenim u komore, radi boljeg u\u017eitka le\u017eanja. Posle odre\u0111enog vremena kori\u0161\u0107enja oblik le\u017ealjke \u0107e se opustiti a punjenje je lako dopuniti. Punjenje mo\u017eete dopuniti sami: za dopunu punjenja preporu\u010duje se da se nabavi d\u017eak od oko 100l koji lako mo\u017eete nabaviti ukoliko na internetu tra\u017eite &#8222;dopunu za lejzi bag&#8220;, ili &#8222;stiroporske kuglice&#8220;.<\/p>\n<p><strong>DETAILS:<\/strong> jastu\u010di\u0107 koji mo\u017ee da se fiksira; inox drikeri; imitacija ko\u017ee na delovima; d\u017eep<\/p>\n<p><strong>WARRANTY 2 YEARS. <\/strong>More about warranty read in Terms of use<\/p>\n<p><strong>DEADLINE:<\/strong>Ukoliko proizvod nije na stanju u \u017eeljenoj boji, potvrdom kupovine se poru\u010duje. Rok izrade 10-20 radnih dana osim ukoliko proizvod nabavite u okviru akcije &#8222;poru\u010di van sezone, koristi u sezoni&#8220; kada su rokovi izrade ve\u0107i.<\/p>\n<p><strong>MORE ABOUT USAGE, MAINTENANCE AND DETAILS OF PRODUCT: <\/strong>read in ADDITIONAL DETAILS<\/p>\n<p>SHIPPING IN SERBIA is included in product price, by sending product with courier services, except for products purchased on sale 20% or more. Free shipping does not apply on specialy organised transport of big quantities.<\/p>","protected":false},"excerpt":{"rendered":"<p>Outdoor lazy bag le\u017ealjka za sun\u010danje, napravljena od premium nauti\u010dkog materijala, mekanog i izuzetno prijatnog na dodir, koji je odli\u010dan za odr\u017eavanje. Dodatan jastu\u010di\u0107 koji mo\u017ee biti fiksan a mo\u017ee se i skuniti (putem drikera) pove\u0107ava udobnost ove le\u017ealjke. Spoljna navlaka se lako skida i pere u ma\u0161ini. Ono \u0161to je, pored nauti\u010dkog premium materijala, razlikuje od Malibu le\u017ealjke je \u0161ira dimenzija i nagla\u0161eni ukrasni \u0161avovi.<\/p>","protected":false},"featured_media":7730,"template":"","meta":[],"product_brand":[],"product_cat":[370],"product_tag":[272,362,268,205],"class_list":{"0":"post-7331","1":"product","2":"type-product","3":"status-publish","4":"has-post-thumbnail","6":"product_cat-fotelje-lezaljke-lejzi-begovi","7":"product_tag-lazy_punjenje","8":"product_tag-od-tekstila","9":"product_tag-outdoor","10":"product_tag-vodootporno","12":"first","13":"onbackorder","14":"taxable","15":"shipping-taxable","16":"purchasable","17":"product-type-variable"},"_links":{"self":[{"href":"https:\/\/kiaradezen.com\/en\/wp-json\/wp\/v2\/product\/7331","targetHints":{"allow":["GET"]}}],"collection":[{"href":"https:\/\/kiaradezen.com\/en\/wp-json\/wp\/v2\/product"}],"about":[{"href":"https:\/\/kiaradezen.com\/en\/wp-json\/wp\/v2\/types\/product"}],"wp:featuredmedia":[{"embeddable":true,"href":"https:\/\/kiaradezen.com\/en\/wp-json\/wp\/v2\/media\/7730"}],"wp:attachment":[{"href":"https:\/\/kiaradezen.com\/en\/wp-json\/wp\/v2\/media?parent=7331"}],"wp:term":[{"taxonomy":"product_brand","embeddable":true,"href":"https:\/\/kiaradezen.com\/en\/wp-json\/wp\/v2\/product_brand?post=7331"},{"taxonomy":"product_cat","embeddable":true,"href":"https:\/\/kiaradezen.com\/en\/wp-json\/wp\/v2\/product_cat?post=7331"},{"taxonomy":"product_tag","embeddable":true,"href":"https:\/\/kiaradezen.com\/en\/wp-json\/wp\/v2\/product_tag?post=7331"}],"curies":[{"name":"wp","href":"https:\/\/api.w.org\/{rel}","templated":true}]}}