{"id":7285,"date":"2025-10-04T11:48:24","date_gmt":"2025-10-04T11:48:24","guid":{"rendered":"https:\/\/kiaradezen.com\/?post_type=product&#038;p=7285"},"modified":"2026-04-09T19:25:28","modified_gmt":"2026-04-09T19:25:28","slug":"ira-torbica","status":"publish","type":"product","link":"https:\/\/kiaradezen.com\/en\/product\/ira-torbica\/","title":{"rendered":"Ira torbica"},"content":{"rendered":"<p><b>AVAILABLE: <\/b>from 5th June 2025<\/p>\n<p class=\"p1\"><b>SIZE:<\/b>\u00a0 30x25cm (bez ru\u010dki)<\/p>\n<p><b>FABRIC: <\/b>glavni deo torbice je pamuk, a resice su od papirne rafije \/ <strong>napomena<\/strong>: papirna rafija ne sme da se skvasi, jer je onda jako porozna i sklona cepanju i raspadanju. Ako vam se kva\u0161enje i desi slu\u010dajno, preporuka je da odmah ostavite torbu da se dobro osu\u0161i, jer \u0107e se su\u0161enjem ponovo vratiti u svoju prvobitnu \u010dvrstinu.<\/p>\n<p><b>COLOUR: <\/b>vanila<\/p>\n<p><b>DETAILS: <\/b>ko\u017eni logo,\u00a0ukrasne resice<\/p>\n<p><strong>polyester rope<\/strong>: torba nema sistem zatvaranja<\/p>\n<p class=\"p1\">SHIPPING IN SERBIA is included in product price, by sending product with courier services, except for products purchased on sale 20% or more. Free shipping does not apply on specialy organised transport of big quantities.<\/p>","protected":false},"excerpt":{"rendered":"<p>Mali heklani ceger\u010di\u0107 od pamuka sa dodatkom ukrasnih resica sa strane pogodan je za svaki dan kao autenti\u010dan detalj va\u0161eg outfita<\/p>","protected":false},"featured_media":7160,"template":"","meta":[],"product_brand":[],"product_cat":[242],"product_tag":[276,368,367],"class_list":{"0":"post-7285","1":"product","2":"type-product","3":"status-publish","4":"has-post-thumbnail","6":"product_cat-outlet","7":"product_tag-heklano","8":"product_tag-novakolekcija","9":"product_tag-torbe","11":"first","12":"instock","13":"sale","14":"taxable","15":"shipping-taxable","16":"purchasable","17":"product-type-simple"},"_links":{"self":[{"href":"https:\/\/kiaradezen.com\/en\/wp-json\/wp\/v2\/product\/7285","targetHints":{"allow":["GET"]}}],"collection":[{"href":"https:\/\/kiaradezen.com\/en\/wp-json\/wp\/v2\/product"}],"about":[{"href":"https:\/\/kiaradezen.com\/en\/wp-json\/wp\/v2\/types\/product"}],"wp:featuredmedia":[{"embeddable":true,"href":"https:\/\/kiaradezen.com\/en\/wp-json\/wp\/v2\/media\/7160"}],"wp:attachment":[{"href":"https:\/\/kiaradezen.com\/en\/wp-json\/wp\/v2\/media?parent=7285"}],"wp:term":[{"taxonomy":"product_brand","embeddable":true,"href":"https:\/\/kiaradezen.com\/en\/wp-json\/wp\/v2\/product_brand?post=7285"},{"taxonomy":"product_cat","embeddable":true,"href":"https:\/\/kiaradezen.com\/en\/wp-json\/wp\/v2\/product_cat?post=7285"},{"taxonomy":"product_tag","embeddable":true,"href":"https:\/\/kiaradezen.com\/en\/wp-json\/wp\/v2\/product_tag?post=7285"}],"curies":[{"name":"wp","href":"https:\/\/api.w.org\/{rel}","templated":true}]}}