{"id":7281,"date":"2025-10-04T11:47:51","date_gmt":"2025-10-04T11:47:51","guid":{"rendered":"https:\/\/kiaradezen.com\/?post_type=product&#038;p=7281"},"modified":"2026-03-10T14:40:44","modified_gmt":"2026-03-10T14:40:44","slug":"kiara-ceger","status":"publish","type":"product","link":"https:\/\/kiaradezen.com\/en\/product\/kiara-ceger\/","title":{"rendered":"Kiara ceger"},"content":{"rendered":"<p><b>AVAILABLE: <\/b>3-5 working days<\/p>\n<p class=\"p1\"><b>SIZE:<\/b> 40-42 \u0161irina, 42-45cm dubina (ceger se mo\u017ee produbiti i vi\u0161e u zavisnosti od stvari koje se nose)<\/p>\n<p><b>FABRIC: <\/b>kanap poliester, ru\u010dke i etiketa ko\u017ea<\/p>\n<p><b>DETAILS: <\/b>ko\u017ene ru\u010dke i etiketa<\/p>\n<p><strong>polyester rope<\/strong>: torba nema sistem zatvaranja, i nema postavu<\/p>\n<p class=\"p1\">SHIPPING IN SERBIA is included in product price, by sending product with courier services, except for products purchased on sale 20% or more. Free shipping does not apply on specialy organised transport of big quantities.<\/p>","protected":false},"excerpt":{"rendered":"<p>Kiarin ceger izra\u0111en je od kvaitetnog outdoor kanapa i ru\u010dno je pleten; dodatak ko\u017enih ru\u010dki uz efektan rad debelog pletenja \u010dini ga autenti\u010dnim komadom svakog letnjeg outfita<\/p>","protected":false},"featured_media":7157,"template":"","meta":[],"product_brand":[],"product_cat":[242],"product_tag":[276,368,367],"class_list":{"0":"post-7281","1":"product","2":"type-product","3":"status-publish","4":"has-post-thumbnail","6":"product_cat-outlet","7":"product_tag-heklano","8":"product_tag-novakolekcija","9":"product_tag-torbe","11":"first","12":"instock","13":"sale","14":"taxable","15":"shipping-taxable","16":"purchasable","17":"product-type-variable"},"_links":{"self":[{"href":"https:\/\/kiaradezen.com\/en\/wp-json\/wp\/v2\/product\/7281","targetHints":{"allow":["GET"]}}],"collection":[{"href":"https:\/\/kiaradezen.com\/en\/wp-json\/wp\/v2\/product"}],"about":[{"href":"https:\/\/kiaradezen.com\/en\/wp-json\/wp\/v2\/types\/product"}],"wp:featuredmedia":[{"embeddable":true,"href":"https:\/\/kiaradezen.com\/en\/wp-json\/wp\/v2\/media\/7157"}],"wp:attachment":[{"href":"https:\/\/kiaradezen.com\/en\/wp-json\/wp\/v2\/media?parent=7281"}],"wp:term":[{"taxonomy":"product_brand","embeddable":true,"href":"https:\/\/kiaradezen.com\/en\/wp-json\/wp\/v2\/product_brand?post=7281"},{"taxonomy":"product_cat","embeddable":true,"href":"https:\/\/kiaradezen.com\/en\/wp-json\/wp\/v2\/product_cat?post=7281"},{"taxonomy":"product_tag","embeddable":true,"href":"https:\/\/kiaradezen.com\/en\/wp-json\/wp\/v2\/product_tag?post=7281"}],"curies":[{"name":"wp","href":"https:\/\/api.w.org\/{rel}","templated":true}]}}