{"id":7081,"date":"2025-05-29T11:47:19","date_gmt":"2025-05-29T11:47:19","guid":{"rendered":"https:\/\/kiaradezen.com\/?post_type=product&#038;p=7081"},"modified":"2026-04-09T19:25:30","modified_gmt":"2026-04-09T19:25:30","slug":"lipa-jaknica","status":"publish","type":"product","link":"https:\/\/kiaradezen.com\/en\/product\/lipa-jaknica\/","title":{"rendered":"Lipa jacket"},"content":{"rendered":"<p><b>AVAILABLE: <\/b>from 5th June 2025<\/p>\n<p><b>NOTE:<\/b> Flower badge on photo is part of editorial and is not included in price<\/p>\n<p class=\"p1\"><b>SIZE:<\/b> XS-L, L-XXL ; knitwear is elastic and one size can fit more sizes<\/p>\n<p><b>FABRIC: <\/b>82% eko cotton, 16% poliamid, 2% elastin<\/p>\n<p><b>DETAILS: <\/b>straps, pockets<\/p>\n<p><b>COLOUR: <\/b>ivory \/ black details<\/p>\n<p class=\"p1\">SHIPPING IN SERBIA is free of charge by sending product through courier services, except on product purchased on sale 20% anf more<a class=\"wp-first-item current\" href=\"https:\/\/kiaradezen.com\/wp-admin\/edit.php?post_type=product\" aria-current=\"page\">All Products<\/a>\u017ei za posebno organizovane transporte ve\u0107ih koli\u010dina<\/p>","protected":false},"excerpt":{"rendered":"<p>Lipa jacket made of eco cotton in ivory in combo with black details is attractive and light spring\/autumn jacket<\/p>","protected":false},"featured_media":7139,"template":"","meta":[],"product_brand":[],"product_cat":[242],"product_tag":[366,368,270],"class_list":{"0":"post-7081","1":"product","2":"type-product","3":"status-publish","4":"has-post-thumbnail","6":"product_cat-outlet","7":"product_tag-knitwear","8":"product_tag-novakolekcija","9":"product_tag-pamuk","11":"first","12":"instock","13":"sale","14":"taxable","15":"shipping-taxable","16":"purchasable","17":"product-type-variable"},"_links":{"self":[{"href":"https:\/\/kiaradezen.com\/en\/wp-json\/wp\/v2\/product\/7081","targetHints":{"allow":["GET"]}}],"collection":[{"href":"https:\/\/kiaradezen.com\/en\/wp-json\/wp\/v2\/product"}],"about":[{"href":"https:\/\/kiaradezen.com\/en\/wp-json\/wp\/v2\/types\/product"}],"wp:featuredmedia":[{"embeddable":true,"href":"https:\/\/kiaradezen.com\/en\/wp-json\/wp\/v2\/media\/7139"}],"wp:attachment":[{"href":"https:\/\/kiaradezen.com\/en\/wp-json\/wp\/v2\/media?parent=7081"}],"wp:term":[{"taxonomy":"product_brand","embeddable":true,"href":"https:\/\/kiaradezen.com\/en\/wp-json\/wp\/v2\/product_brand?post=7081"},{"taxonomy":"product_cat","embeddable":true,"href":"https:\/\/kiaradezen.com\/en\/wp-json\/wp\/v2\/product_cat?post=7081"},{"taxonomy":"product_tag","embeddable":true,"href":"https:\/\/kiaradezen.com\/en\/wp-json\/wp\/v2\/product_tag?post=7081"}],"curies":[{"name":"wp","href":"https:\/\/api.w.org\/{rel}","templated":true}]}}