{"id":7077,"date":"2025-05-29T11:33:28","date_gmt":"2025-05-29T11:33:28","guid":{"rendered":"https:\/\/kiaradezen.com\/?post_type=product&#038;p=7077"},"modified":"2026-04-03T13:12:38","modified_gmt":"2026-04-03T13:12:38","slug":"mura-torba","status":"publish","type":"product","link":"https:\/\/kiaradezen.com\/en\/product\/mura-torba\/","title":{"rendered":"Mura torba"},"content":{"rendered":"<p><b>FABRIC: <\/b>papirna rafija \/ <strong>napomena<\/strong>: papirna rafija ne sme da se skvasi, jer je onda jako porozna i sklona cepanju i raspadanju. Ako vam se kva\u0161enje i desi slu\u010dajno, preporuka je da odmah ostavite torbu da se dobro osu\u0161i, jer \u0107e se su\u0161enjem ponovo vratiti u svoju prvobitnu \u010dvrstinu.<\/p>\n<p><b>COLOUR: <\/b>vanila<\/p>\n<p><b>DETAILS: <\/b>drvene ru\u010dke, unutra\u0161nji d\u017eep\u010di\u0107, ukrasne resice<\/p>\n<p><strong>polyester rope<\/strong>: torba nema sistem zatvaranja<\/p>\n<p class=\"p1\">SHIPPING IN SERBIA is included in product price, by sending product with courier services, except for products purchased on sale 20% or more. Free shipping does not apply on specialy organised transport of big quantities.<\/p>","protected":false},"excerpt":{"rendered":"<p>Ru\u010dno heklana torba od popularne rafije, sa autenti\u010dnim resicama i unikatnim drvenim ru\u010dkama<\/p>","protected":false},"featured_media":7166,"template":"","meta":[],"product_brand":[],"product_cat":[242],"product_tag":[276,368,367],"class_list":{"0":"post-7077","1":"product","2":"type-product","3":"status-publish","4":"has-post-thumbnail","6":"product_cat-outlet","7":"product_tag-heklano","8":"product_tag-novakolekcija","9":"product_tag-torbe","11":"first","12":"instock","13":"sale","14":"taxable","15":"shipping-taxable","16":"purchasable","17":"product-type-simple"},"_links":{"self":[{"href":"https:\/\/kiaradezen.com\/en\/wp-json\/wp\/v2\/product\/7077","targetHints":{"allow":["GET"]}}],"collection":[{"href":"https:\/\/kiaradezen.com\/en\/wp-json\/wp\/v2\/product"}],"about":[{"href":"https:\/\/kiaradezen.com\/en\/wp-json\/wp\/v2\/types\/product"}],"wp:featuredmedia":[{"embeddable":true,"href":"https:\/\/kiaradezen.com\/en\/wp-json\/wp\/v2\/media\/7166"}],"wp:attachment":[{"href":"https:\/\/kiaradezen.com\/en\/wp-json\/wp\/v2\/media?parent=7077"}],"wp:term":[{"taxonomy":"product_brand","embeddable":true,"href":"https:\/\/kiaradezen.com\/en\/wp-json\/wp\/v2\/product_brand?post=7077"},{"taxonomy":"product_cat","embeddable":true,"href":"https:\/\/kiaradezen.com\/en\/wp-json\/wp\/v2\/product_cat?post=7077"},{"taxonomy":"product_tag","embeddable":true,"href":"https:\/\/kiaradezen.com\/en\/wp-json\/wp\/v2\/product_tag?post=7077"}],"curies":[{"name":"wp","href":"https:\/\/api.w.org\/{rel}","templated":true}]}}