{"id":7073,"date":"2025-05-27T13:25:58","date_gmt":"2025-05-27T13:25:58","guid":{"rendered":"https:\/\/kiaradezen.com\/?post_type=product&#038;p=7073"},"modified":"2026-04-08T07:18:28","modified_gmt":"2026-04-08T07:18:28","slug":"lipa-haljina","status":"publish","type":"product","link":"https:\/\/kiaradezen.com\/en\/product\/lipa-haljina\/","title":{"rendered":"Lipa dress"},"content":{"rendered":"<p><b>AVAILABLE: <\/b>in stock<\/p>\n<p><b>NOTE:<\/b> Flower badge on photo is part of editorial and is not included in price<\/p>\n<p class=\"p1\"><b>SIZE:<\/b> XS-L, L-XXL ; knitwear is elastic and one size can fit more sizes. Model in photo is 173cm height<br \/>\nI nosi veli\u010dinu xs-l. Du\u017eina haljine zavisno od konstitucije tela (\u0161irine bokova, grudi, ledja) odgovara devojkama visine od oko 165cm pa navi\u0161e<\/p>\n<p><b>FABRIC: <\/b>82% eko cotton, 16% poliamid, 2% elastin<\/p>\n<p><b>COLOUR: <\/b>ivory<\/p>\n<p class=\"p1\">SHIPPING IN SERBIA is included in product price, by sending product with courier services, except for products purchased on sale 20% or more. Free shipping does not apply on specialy organised transport of big quantities.<\/p>","protected":false},"excerpt":{"rendered":"<p>Lipa dress is made of eco cotton and has simple cut. It is gentle choice both for spring or autumn season<\/p>","protected":false},"featured_media":7174,"template":"","meta":[],"product_brand":[],"product_cat":[242],"product_tag":[366,368,270],"class_list":{"0":"post-7073","1":"product","2":"type-product","3":"status-publish","4":"has-post-thumbnail","6":"product_cat-outlet","7":"product_tag-knitwear","8":"product_tag-novakolekcija","9":"product_tag-pamuk","11":"first","12":"instock","13":"sale","14":"taxable","15":"shipping-taxable","16":"purchasable","17":"product-type-variable"},"_links":{"self":[{"href":"https:\/\/kiaradezen.com\/en\/wp-json\/wp\/v2\/product\/7073","targetHints":{"allow":["GET"]}}],"collection":[{"href":"https:\/\/kiaradezen.com\/en\/wp-json\/wp\/v2\/product"}],"about":[{"href":"https:\/\/kiaradezen.com\/en\/wp-json\/wp\/v2\/types\/product"}],"wp:featuredmedia":[{"embeddable":true,"href":"https:\/\/kiaradezen.com\/en\/wp-json\/wp\/v2\/media\/7174"}],"wp:attachment":[{"href":"https:\/\/kiaradezen.com\/en\/wp-json\/wp\/v2\/media?parent=7073"}],"wp:term":[{"taxonomy":"product_brand","embeddable":true,"href":"https:\/\/kiaradezen.com\/en\/wp-json\/wp\/v2\/product_brand?post=7073"},{"taxonomy":"product_cat","embeddable":true,"href":"https:\/\/kiaradezen.com\/en\/wp-json\/wp\/v2\/product_cat?post=7073"},{"taxonomy":"product_tag","embeddable":true,"href":"https:\/\/kiaradezen.com\/en\/wp-json\/wp\/v2\/product_tag?post=7073"}],"curies":[{"name":"wp","href":"https:\/\/api.w.org\/{rel}","templated":true}]}}