{"id":7067,"date":"2025-05-27T13:07:14","date_gmt":"2025-05-27T13:07:14","guid":{"rendered":"https:\/\/kiaradezen.com\/?post_type=product&#038;p=7067"},"modified":"2026-03-10T14:44:17","modified_gmt":"2026-03-10T14:44:17","slug":"riviera-haljina","status":"publish","type":"product","link":"https:\/\/kiaradezen.com\/en\/product\/riviera-haljina\/","title":{"rendered":"Riviera haljina"},"content":{"rendered":"<p class=\"p1\"><b>SIZE:<\/b> Haljina po \u0161irini pokriva sve brojeve a po du\u017eini je dostupna u dve opcije: kra\u0107a haljina odgovara visini devojaka od oko165-175cm, a du\u017ea haljina visini od oko 175-185cm. *model sa slike nosi du\u017eu veli\u010dinu haljine a visoka je 173cm<\/p>\n<p><b>FABRIC: <\/b>80% viscose, 20% linen<\/p>\n<p><b>COLOUR: <\/b>ivory<\/p>\n<p><b>DEKOLTE u 2 OPCIJE: <\/b>Haljinu mo\u017eete nositi dvostrano; oba dekoltea su zanimljiva a druga\u010dija; prvi dekolte je ovalni i za nijansu dublji od drugog, a drugi ide u V i malo je pli\u0107i.<\/p>\n<p class=\"p1\">PO\u0160TARINA NA TERITORIJI SRBIJE JE BESPLATNA slanjem proizvoda preko kurirskih slu\u017ebi, osim za porud\u017ebine koje uklju\u010duju outlet proizvode (proizvode sni\u017eene 20% ili vi\u0161e). \u00a0Besplatna po\u0161tarina ne va\u017ei za posebno organizovane transporte ve\u0107ih koli\u010dina.j,<\/p>","protected":false},"excerpt":{"rendered":"<p>Riviera haljina jednostavnog kroja a zanimljive mustre savr\u0161ena je za svakodnevne letnje dane. Me\u0161avina prirodnih materijala \u010dini je prijatnom na dodir kao i odli\u010dnim izborom za tople dane<\/p>","protected":false},"featured_media":7149,"template":"","meta":[],"product_brand":[],"product_cat":[242],"product_tag":[366,368],"class_list":{"0":"post-7067","1":"product","2":"type-product","3":"status-publish","4":"has-post-thumbnail","6":"product_cat-outlet","7":"product_tag-knitwear","8":"product_tag-novakolekcija","10":"first","11":"instock","12":"sale","13":"taxable","14":"shipping-taxable","15":"purchasable","16":"product-type-variable"},"_links":{"self":[{"href":"https:\/\/kiaradezen.com\/en\/wp-json\/wp\/v2\/product\/7067","targetHints":{"allow":["GET"]}}],"collection":[{"href":"https:\/\/kiaradezen.com\/en\/wp-json\/wp\/v2\/product"}],"about":[{"href":"https:\/\/kiaradezen.com\/en\/wp-json\/wp\/v2\/types\/product"}],"wp:featuredmedia":[{"embeddable":true,"href":"https:\/\/kiaradezen.com\/en\/wp-json\/wp\/v2\/media\/7149"}],"wp:attachment":[{"href":"https:\/\/kiaradezen.com\/en\/wp-json\/wp\/v2\/media?parent=7067"}],"wp:term":[{"taxonomy":"product_brand","embeddable":true,"href":"https:\/\/kiaradezen.com\/en\/wp-json\/wp\/v2\/product_brand?post=7067"},{"taxonomy":"product_cat","embeddable":true,"href":"https:\/\/kiaradezen.com\/en\/wp-json\/wp\/v2\/product_cat?post=7067"},{"taxonomy":"product_tag","embeddable":true,"href":"https:\/\/kiaradezen.com\/en\/wp-json\/wp\/v2\/product_tag?post=7067"}],"curies":[{"name":"wp","href":"https:\/\/api.w.org\/{rel}","templated":true}]}}