{"id":7065,"date":"2025-05-27T13:01:56","date_gmt":"2025-05-27T13:01:56","guid":{"rendered":"https:\/\/kiaradezen.com\/?post_type=product&#038;p=7065"},"modified":"2026-03-14T10:35:55","modified_gmt":"2026-03-14T10:35:55","slug":"agata-haljina","status":"publish","type":"product","link":"https:\/\/kiaradezen.com\/en\/product\/agata-haljina\/","title":{"rendered":"Agata 2 U 1 haljina"},"content":{"rendered":"<p class=\"p1\"><b>SIZE:<\/b> one size, odgovata brojevima od XS-L\/XL<\/p>\n<p><b>FABRIC: <\/b>80% viscose, 20% linen<\/p>\n<p><b>COLOUR: <\/b>ivory<\/p>\n<p><b>DUGMI\u0106I <\/b>mogu da se otvore i haljina time postaje duga\u010dki prsluk<\/p>\n<p class=\"p1\">SHIPPING IN SERBIA is included in product price, by sending product with courier services, except for products purchased on sale 20% or more. Free shipping does not apply on specialy organised transport of big quantities.<\/p>","protected":false},"excerpt":{"rendered":"<p>Agata haljina napravljena je od me\u0161avine vikoze i lana, prozra\u010dna je i prijatna ko\u017ei, a opcija otvaranja\/zatvaranja dugmi\u0107a daje joj 2 u 1 vrednost; mo\u017eete je nositi kao haljinu, ili kao otvoren prsluk<\/p>","protected":false},"featured_media":7165,"template":"","meta":[],"product_brand":[],"product_cat":[242],"product_tag":[366,368],"class_list":{"0":"post-7065","1":"product","2":"type-product","3":"status-publish","4":"has-post-thumbnail","6":"product_cat-outlet","7":"product_tag-knitwear","8":"product_tag-novakolekcija","10":"first","11":"instock","12":"sale","13":"taxable","14":"shipping-taxable","15":"purchasable","16":"product-type-simple"},"_links":{"self":[{"href":"https:\/\/kiaradezen.com\/en\/wp-json\/wp\/v2\/product\/7065","targetHints":{"allow":["GET"]}}],"collection":[{"href":"https:\/\/kiaradezen.com\/en\/wp-json\/wp\/v2\/product"}],"about":[{"href":"https:\/\/kiaradezen.com\/en\/wp-json\/wp\/v2\/types\/product"}],"wp:featuredmedia":[{"embeddable":true,"href":"https:\/\/kiaradezen.com\/en\/wp-json\/wp\/v2\/media\/7165"}],"wp:attachment":[{"href":"https:\/\/kiaradezen.com\/en\/wp-json\/wp\/v2\/media?parent=7065"}],"wp:term":[{"taxonomy":"product_brand","embeddable":true,"href":"https:\/\/kiaradezen.com\/en\/wp-json\/wp\/v2\/product_brand?post=7065"},{"taxonomy":"product_cat","embeddable":true,"href":"https:\/\/kiaradezen.com\/en\/wp-json\/wp\/v2\/product_cat?post=7065"},{"taxonomy":"product_tag","embeddable":true,"href":"https:\/\/kiaradezen.com\/en\/wp-json\/wp\/v2\/product_tag?post=7065"}],"curies":[{"name":"wp","href":"https:\/\/api.w.org\/{rel}","templated":true}]}}