{"id":6699,"date":"2024-11-16T16:50:43","date_gmt":"2024-11-16T16:50:43","guid":{"rendered":"https:\/\/kiaradezen.com\/?post_type=product&#038;p=6699"},"modified":"2026-03-27T10:51:51","modified_gmt":"2026-03-27T10:51:51","slug":"makrame-baby-tabure","status":"publish","type":"product","link":"https:\/\/kiaradezen.com\/en\/product\/makrame-baby-tabure\/","title":{"rendered":"Makrame baby ottoman"},"content":{"rendered":"<p><strong>SIZE:<\/strong> diameter 69cm, height 29cm<\/p>\n<p><strong>KNITTED COVER FABRIC:<\/strong> polyester matte rope, 4,5mm thickness, UV stable and water resistant; simple knitting<\/p>\n<p><strong>INSERT:<\/strong> Styrofoam cutted in ellipse shape, upholstered in outdoor material; insert is light, comfortable and water resistant<\/p>\n<p><strong>WARRANTY 2 YEARS. <\/strong>More about warranty read in Terms of use<\/p>\n<p><strong>ROK IZRADE:<\/strong>Ukoliko proizvod nije na stanju u \u017eeljenoj boji, potvrdom kupovine se poru\u010duje. Rok izrade 10-20 radnih dana osim ukoliko proizvod nabavite u okviru akcije &#8222;poru\u010di van sezone, koristi u sezoni&#8220; kada su rokovi izrade ve\u0107i.<\/p>\n<p><strong>MORE ABOUT USAGE, MAINTENANCE AND DETAILS OF PRODUCT: <\/strong>read in ADDITIONAL DETAILS<\/p>\n<p>SHIPPING IN SERBIA is included in product price, by sending product with courier services, except for products purchased on sale 20% or more. Free shipping does not apply on specialy organised transport of big quantities.<\/p>","protected":false},"excerpt":{"rendered":"<p>Ru\u010dno pleteni tabure sa dodatkom makrame tehnike za zanimljiv boho izgled. Veoma lak za odr\u017eavanje, pogodan kako za unutra\u0161nje tako i za spolja\u0161nje prostore. Potpuno je vodootporan i UV stabilan<\/p>","protected":false},"featured_media":6707,"template":"","meta":[],"product_brand":[],"product_cat":[372],"product_tag":[359,361,268,204,222,205],"class_list":{"0":"post-6699","1":"product","2":"type-product","3":"status-publish","4":"has-post-thumbnail","6":"product_cat-cvrsti-taburei-stocici","7":"product_tag-makrame","8":"product_tag-od-kanapa","9":"product_tag-outdoor","10":"product_tag-pleteno","11":"product_tag-u-vasem-domu","12":"product_tag-vodootporno","14":"first","15":"onbackorder","16":"sale","17":"taxable","18":"shipping-taxable","19":"purchasable","20":"product-type-variable"},"_links":{"self":[{"href":"https:\/\/kiaradezen.com\/en\/wp-json\/wp\/v2\/product\/6699","targetHints":{"allow":["GET"]}}],"collection":[{"href":"https:\/\/kiaradezen.com\/en\/wp-json\/wp\/v2\/product"}],"about":[{"href":"https:\/\/kiaradezen.com\/en\/wp-json\/wp\/v2\/types\/product"}],"wp:featuredmedia":[{"embeddable":true,"href":"https:\/\/kiaradezen.com\/en\/wp-json\/wp\/v2\/media\/6707"}],"wp:attachment":[{"href":"https:\/\/kiaradezen.com\/en\/wp-json\/wp\/v2\/media?parent=6699"}],"wp:term":[{"taxonomy":"product_brand","embeddable":true,"href":"https:\/\/kiaradezen.com\/en\/wp-json\/wp\/v2\/product_brand?post=6699"},{"taxonomy":"product_cat","embeddable":true,"href":"https:\/\/kiaradezen.com\/en\/wp-json\/wp\/v2\/product_cat?post=6699"},{"taxonomy":"product_tag","embeddable":true,"href":"https:\/\/kiaradezen.com\/en\/wp-json\/wp\/v2\/product_tag?post=6699"}],"curies":[{"name":"wp","href":"https:\/\/api.w.org\/{rel}","templated":true}]}}