{"id":6688,"date":"2024-11-16T16:46:07","date_gmt":"2024-11-16T16:46:07","guid":{"rendered":"https:\/\/kiaradezen.com\/?post_type=product&#038;p=6688"},"modified":"2026-03-27T10:52:05","modified_gmt":"2026-03-27T10:52:05","slug":"kupa-makrame-tabure","status":"publish","type":"product","link":"https:\/\/kiaradezen.com\/en\/product\/kupa-makrame-tabure\/","title":{"rendered":"Kupa macrame stool"},"content":{"rendered":"<p><strong>NAPOMENE:<\/strong> neke slike prikazane su zbog galerije i prikazuju druge modele taburea; proizvodi u bojama grafit siva i cigla bi\u0107e uskoro uslikani u celosti<\/p>\n<p><strong>SIZE:<\/strong> diameter 30-35cm, height 49cm<\/p>\n<p><strong>MATERIJAL KANAPA:<\/strong> polyester matt rope, water resistant and UV stable<\/p>\n<p><strong>MATERIJAL NAVLAKE:<\/strong> nauti\u010dka eko ko\u017ea + gornji sloj outdoor mebl materijal prijatan na dodir<\/p>\n<p><strong>INSERT:<\/strong> PU styrofoam cuted in round shape, upholstered in PVC material. Insert is light and comfortable for seating<\/p>\n<p><strong>WARRANTY 2 YEARS. <\/strong>More about warranty read in Terms of use<\/p>\n<p><strong>DEADLINE:<\/strong>Ukoliko proizvod nije na stanju u \u017eeljenoj boji, potvrdom kupovine se poru\u010duje. Rok izrade 10-20 radnih dana osim ukoliko proizvod nabavite u okviru akcije &#8222;poru\u010di van sezone, koristi u sezoni&#8220; kada su rokovi izrade ve\u0107i.<\/p>\n<p><strong>MORE ABOUT USAGE, MAINTENANCE AND DETAILS OF PRODUCT: <\/strong>read in ADDITIONAL DETAILS<\/p>\n<p>SHIPPING IN SERBIA is included in product price, by sending product with courier services, except for products purchased on sale 20% or more. Free shipping does not apply on specialy organised transport of big quantities.<\/p>","protected":false},"excerpt":{"rendered":"<p>Visoki tabure pogodan kako za dodatno sedenje tako i kao dodatni sto\u010di\u0107 ura\u0111en makrame tehnikom sa strane, tako da se odli\u010dno sla\u017ee sa celom makrame kolekcijom (Yuta makrame fotelja i kocka tabure). Makrame kanapi okolo daju mu zanimljivu boho notu.<\/p>","protected":false},"featured_media":6696,"template":"","meta":[],"product_brand":[],"product_cat":[372],"product_tag":[359,361,268,222,205],"class_list":{"0":"post-6688","1":"product","2":"type-product","3":"status-publish","4":"has-post-thumbnail","6":"product_cat-cvrsti-taburei-stocici","7":"product_tag-makrame","8":"product_tag-od-kanapa","9":"product_tag-outdoor","10":"product_tag-u-vasem-domu","11":"product_tag-vodootporno","13":"first","14":"onbackorder","15":"taxable","16":"shipping-taxable","17":"purchasable","18":"product-type-variable"},"_links":{"self":[{"href":"https:\/\/kiaradezen.com\/en\/wp-json\/wp\/v2\/product\/6688","targetHints":{"allow":["GET"]}}],"collection":[{"href":"https:\/\/kiaradezen.com\/en\/wp-json\/wp\/v2\/product"}],"about":[{"href":"https:\/\/kiaradezen.com\/en\/wp-json\/wp\/v2\/types\/product"}],"wp:featuredmedia":[{"embeddable":true,"href":"https:\/\/kiaradezen.com\/en\/wp-json\/wp\/v2\/media\/6696"}],"wp:attachment":[{"href":"https:\/\/kiaradezen.com\/en\/wp-json\/wp\/v2\/media?parent=6688"}],"wp:term":[{"taxonomy":"product_brand","embeddable":true,"href":"https:\/\/kiaradezen.com\/en\/wp-json\/wp\/v2\/product_brand?post=6688"},{"taxonomy":"product_cat","embeddable":true,"href":"https:\/\/kiaradezen.com\/en\/wp-json\/wp\/v2\/product_cat?post=6688"},{"taxonomy":"product_tag","embeddable":true,"href":"https:\/\/kiaradezen.com\/en\/wp-json\/wp\/v2\/product_tag?post=6688"}],"curies":[{"name":"wp","href":"https:\/\/api.w.org\/{rel}","templated":true}]}}