{"id":6653,"date":"2024-11-15T15:34:40","date_gmt":"2024-11-15T15:34:40","guid":{"rendered":"https:\/\/kiaradezen.com\/?post_type=product&#038;p=6653"},"modified":"2026-04-06T07:50:32","modified_gmt":"2026-04-06T07:50:32","slug":"malibu-lounge-tabure","status":"publish","type":"product","link":"https:\/\/kiaradezen.com\/en\/product\/malibu-lounge-tabure\/","title":{"rendered":"Malibu lounge tabure stock 2025"},"content":{"rendered":"<p><strong>NOTE:<\/strong> le\u017ealjka sa slike nije uklju\u010dena u cenu<\/p>\n<p><strong>SIZE:<\/strong> pre\u010dnik 80cm, visina 40cm<\/p>\n<p><strong>MATERIJAL SPOLJNI: <\/strong>PP olefin tkanina, otporna na outdoor uslove; polipropilen se brzo su\u0161i. otporan je na fleke, na bu\u0111, ima dobru UV stabilnost, i otporan je.<\/p>\n<p><strong>FILLING \/ INSERT:<\/strong> Tabure je napunjen stiroporskim kuglicama u zasebnom ulo\u0161ku. Posle odre\u0111enog vremena kori\u0161\u0107enja oblik taburea \u0107e se opustiti a punjenje je lako dopuniti. Punjenje mo\u017eete dopuniti sami: za dopunu punjenja preporu\u010duje se da se nabavi d\u017eak od oko 50-60l, koji lako mo\u017eete nabaviti ukoliko na internetu tra\u017eite &#8222;dopunu za lejzi bag&#8220;, ili &#8222;stiroporske kuglice&#8220;.<\/p>\n<p><strong>WARRANTY 2 YEARS. <\/strong>More about warranty read in Terms of use<\/p>\n<p><strong>DEADLINE: <\/strong>Ukoliko proizvod nije na stanju u \u017eeljenoj boji, potvrdom kupovine se poru\u010duje. Rok izrade 10-20 radnih dana osim ukoliko proizvod nabavite u okviru akcije &#8222;poru\u010di van sezone, koristi u sezoni&#8220; kada su rokovi izrade ve\u0107i.<\/p>\n<p><strong>MORE ABOUT USAGE, MAINTENANCE AND DETAILS OF PRODUCT: <\/strong>read in ADDITIONAL DETAILS<\/p>\n<p>SHIPPING IN SERBIA is included in product price, by sending product with courier services, except for products purchased on sale 20% or more. Free shipping does not apply on specialy organised transport of big quantities.<\/p>","protected":false},"excerpt":{"rendered":"<p>Outdoor okrugli tabure koji mo\u017eete koristiti i kao nogonaslon i kao sto\u010di\u0107 uz istoimenu kolekciju le\u017ealjke, napravljen u zanimljivoj kombinaciji dve rali\u010dita mebla iste boje \u0161to mu daje zanimljiv izgled. Mekan i prijatan na dodir.<\/p>","protected":false},"featured_media":6660,"template":"","meta":[],"product_brand":[],"product_cat":[371],"product_tag":[272,362,268,205],"class_list":{"0":"post-6653","1":"product","2":"type-product","3":"status-publish","4":"has-post-thumbnail","6":"product_cat-pouf-taburei","7":"product_tag-lazy_punjenje","8":"product_tag-od-tekstila","9":"product_tag-outdoor","10":"product_tag-vodootporno","12":"first","13":"instock","14":"sale","15":"taxable","16":"shipping-taxable","17":"purchasable","18":"product-type-variable"},"_links":{"self":[{"href":"https:\/\/kiaradezen.com\/en\/wp-json\/wp\/v2\/product\/6653","targetHints":{"allow":["GET"]}}],"collection":[{"href":"https:\/\/kiaradezen.com\/en\/wp-json\/wp\/v2\/product"}],"about":[{"href":"https:\/\/kiaradezen.com\/en\/wp-json\/wp\/v2\/types\/product"}],"wp:featuredmedia":[{"embeddable":true,"href":"https:\/\/kiaradezen.com\/en\/wp-json\/wp\/v2\/media\/6660"}],"wp:attachment":[{"href":"https:\/\/kiaradezen.com\/en\/wp-json\/wp\/v2\/media?parent=6653"}],"wp:term":[{"taxonomy":"product_brand","embeddable":true,"href":"https:\/\/kiaradezen.com\/en\/wp-json\/wp\/v2\/product_brand?post=6653"},{"taxonomy":"product_cat","embeddable":true,"href":"https:\/\/kiaradezen.com\/en\/wp-json\/wp\/v2\/product_cat?post=6653"},{"taxonomy":"product_tag","embeddable":true,"href":"https:\/\/kiaradezen.com\/en\/wp-json\/wp\/v2\/product_tag?post=6653"}],"curies":[{"name":"wp","href":"https:\/\/api.w.org\/{rel}","templated":true}]}}