{"id":6401,"date":"2024-11-15T12:12:55","date_gmt":"2024-11-15T12:12:55","guid":{"rendered":"https:\/\/kiaradezen.com\/?post_type=product&#038;p=6401"},"modified":"2026-04-09T09:31:52","modified_gmt":"2026-04-09T09:31:52","slug":"yuta-lazy-bag-fotelja-nautica-outdoor","status":"publish","type":"product","link":"https:\/\/kiaradezen.com\/en\/product\/yuta-lazy-bag-fotelja-nautica-outdoor\/","title":{"rendered":"Yuta lazy bag fotelja &#8211; HoReCa"},"content":{"rendered":"<p><strong>SIZE:<\/strong> 80x117; height 40-75cm<\/p>\n<p><strong>HoReCa STANDARD MATERIJALA:<\/strong>\u00a0 Za javne prostore preporu\u010dujemo oja\u010danu konstrukciju fotelja i le\u017ealjki koju radimo od nauti\u010dke eko ko\u017ea + gornji sedalni sloj na kojem se le\u017ei presvu\u010demo outdoor mekanim \u0161tofom visokog kvaliteta i udobnosti. Gornji sloj outdoor tkanine je akril koji ima najbolju UV otpornost, ne bledi godinama, otporan je na vlagu i bu\u0111, izgleda luksuzno i na dodir je luksuzan, izlgeda najbli\u017ee indoor tekstilu.<\/p>\n<p><strong>FILLING:<\/strong> Cela fotelja punjena je stiroporskim kuglicama. Posle odre\u0111enog vremena kori\u0161\u0107enja oblik le\u017ealjke \u0107e se opustiti a punjenje je lako dopuniti. Punjenje mo\u017eete dopuniti sami: za dopunu punjenja preporu\u010duje se da se nabavi d\u017eak od 60-90l.<\/p>\n<p><strong>WARRANTY 2 YEARS. <\/strong>More about warranty read in Terms of use<\/p>\n<p><strong>DEADLINE:<\/strong> If product is not in stock in chosen colour, with purchase you confirm its production. Deadline 10-20 working days.<\/p>\n<p>SHIPPING IN SERBIA is included in product price, by sending product with courier services, except for products purchased on sale 20% or more. Free shipping does not apply on specialy organised transport of big quantities.<\/p>","protected":false},"excerpt":{"rendered":"<p>Outdoor lazy bag fotelja, od zanimljive i kvalitetne nauti\u010dke eko ko\u017ee sa gornjim presvu\u010denim outdoor \u0161tofom za jo\u0161 bolju udobnost sedenja .Dimenzija: 80&#215;117 cm.<\/p>","protected":false},"featured_media":5325,"template":"","meta":[],"product_brand":[],"product_cat":[370],"product_tag":[266,272,224,268,204,205],"class_list":{"0":"post-6401","1":"product","2":"type-product","3":"status-publish","4":"has-post-thumbnail","6":"product_cat-fotelje-lezaljke-lejzi-begovi","7":"product_tag-indoor","8":"product_tag-lazy_punjenje","9":"product_tag-na-stanju","10":"product_tag-outdoor","11":"product_tag-pleteno","12":"product_tag-vodootporno","14":"first","15":"onbackorder","16":"taxable","17":"shipping-taxable","18":"purchasable","19":"product-type-variable"},"_links":{"self":[{"href":"https:\/\/kiaradezen.com\/en\/wp-json\/wp\/v2\/product\/6401","targetHints":{"allow":["GET"]}}],"collection":[{"href":"https:\/\/kiaradezen.com\/en\/wp-json\/wp\/v2\/product"}],"about":[{"href":"https:\/\/kiaradezen.com\/en\/wp-json\/wp\/v2\/types\/product"}],"wp:featuredmedia":[{"embeddable":true,"href":"https:\/\/kiaradezen.com\/en\/wp-json\/wp\/v2\/media\/5325"}],"wp:attachment":[{"href":"https:\/\/kiaradezen.com\/en\/wp-json\/wp\/v2\/media?parent=6401"}],"wp:term":[{"taxonomy":"product_brand","embeddable":true,"href":"https:\/\/kiaradezen.com\/en\/wp-json\/wp\/v2\/product_brand?post=6401"},{"taxonomy":"product_cat","embeddable":true,"href":"https:\/\/kiaradezen.com\/en\/wp-json\/wp\/v2\/product_cat?post=6401"},{"taxonomy":"product_tag","embeddable":true,"href":"https:\/\/kiaradezen.com\/en\/wp-json\/wp\/v2\/product_tag?post=6401"}],"curies":[{"name":"wp","href":"https:\/\/api.w.org\/{rel}","templated":true}]}}