{"id":6363,"date":"2024-11-15T10:44:04","date_gmt":"2024-11-15T10:44:04","guid":{"rendered":"https:\/\/kiaradezen.com\/?post_type=product&#038;p=6363"},"modified":"2026-03-27T10:53:45","modified_gmt":"2026-03-27T10:53:45","slug":"giga-lazy-podni-jastuk","status":"publish","type":"product","link":"https:\/\/kiaradezen.com\/en\/product\/giga-lazy-podni-jastuk\/","title":{"rendered":"Giga lazy podni jastuk"},"content":{"rendered":"<p><strong>SIZE:<\/strong> 150x150cm<\/p>\n<p><strong>KNITTED LAYER FABRIC:<\/strong> polyester matt rope, 4,5mm thickness, UV stable and water resistant<\/p>\n<p><strong>MATERIJAL PODNOG JASTUKA:<\/strong> PVC tkanina i outdoor nauti\u010dka ko\u017ea<\/p>\n<p><strong>FILLING:<\/strong> Prozvod je punjen stiroporskim kuglicama. Posle odre\u0111enog vremena kori\u0161\u0107enja oblik proizvoda \u0107e se opustiti a punjenje je lako dopuniti. Punjenje mo\u017eete dopuniti sami: za dopunu punjenja preporu\u010duje se da se nabavi d\u017eak od 60-90l.<\/p>\n<p><strong>WARRANTY 2 YEARS. <\/strong>More about warranty read in Terms of use<\/p>\n<p><strong>DEADLINE:<\/strong>Ukoliko proizvod nije na stanju u \u017eeljenoj boji, potvrdom kupovine se poru\u010duje. Rok izrade 10-20 radnih dana osim ukoliko proizvod nabavite u okviru akcije &#8222;poru\u010di van sezone, koristi u sezoni&#8220; kada su rokovi izrade ve\u0107i.<\/p>\n<p><strong>MORE ABOUT USAGE, MAINTENANCE AND DETAILS OF PRODUCT: <\/strong>read in ADDITIONAL DETAILS<\/p>\n<p>SHIPPING IN SERBIA is included in product price, by sending product with courier services, except for products purchased on sale 20% or more. Free shipping does not apply on specialy organised transport of big quantities.<\/p>","protected":false},"excerpt":{"rendered":"<p>Outdoor veliki lazy podni jastuk, sa veoma rupi\u010dasto pletenim gornjim delom; komplet sa kolekcijom Giga<\/p>","protected":false},"featured_media":6367,"template":"","meta":[],"product_brand":[],"product_cat":[370],"product_tag":[272,361,268,205],"class_list":{"0":"post-6363","1":"product","2":"type-product","3":"status-publish","4":"has-post-thumbnail","6":"product_cat-fotelje-lezaljke-lejzi-begovi","7":"product_tag-lazy_punjenje","8":"product_tag-od-kanapa","9":"product_tag-outdoor","10":"product_tag-vodootporno","12":"first","13":"onbackorder","14":"taxable","15":"shipping-taxable","16":"purchasable","17":"product-type-variable"},"_links":{"self":[{"href":"https:\/\/kiaradezen.com\/en\/wp-json\/wp\/v2\/product\/6363","targetHints":{"allow":["GET"]}}],"collection":[{"href":"https:\/\/kiaradezen.com\/en\/wp-json\/wp\/v2\/product"}],"about":[{"href":"https:\/\/kiaradezen.com\/en\/wp-json\/wp\/v2\/types\/product"}],"wp:featuredmedia":[{"embeddable":true,"href":"https:\/\/kiaradezen.com\/en\/wp-json\/wp\/v2\/media\/6367"}],"wp:attachment":[{"href":"https:\/\/kiaradezen.com\/en\/wp-json\/wp\/v2\/media?parent=6363"}],"wp:term":[{"taxonomy":"product_brand","embeddable":true,"href":"https:\/\/kiaradezen.com\/en\/wp-json\/wp\/v2\/product_brand?post=6363"},{"taxonomy":"product_cat","embeddable":true,"href":"https:\/\/kiaradezen.com\/en\/wp-json\/wp\/v2\/product_cat?post=6363"},{"taxonomy":"product_tag","embeddable":true,"href":"https:\/\/kiaradezen.com\/en\/wp-json\/wp\/v2\/product_tag?post=6363"}],"curies":[{"name":"wp","href":"https:\/\/api.w.org\/{rel}","templated":true}]}}