{"id":6340,"date":"2024-11-15T09:10:01","date_gmt":"2024-11-15T09:10:01","guid":{"rendered":"https:\/\/kiaradezen.com\/?post_type=product&#038;p=6340"},"modified":"2026-04-06T09:22:57","modified_gmt":"2026-04-06T09:22:57","slug":"makrame-kocka-tabure","status":"publish","type":"product","link":"https:\/\/kiaradezen.com\/en\/product\/makrame-kocka-tabure\/","title":{"rendered":"Pouf tabure &#8211; premium makrame"},"content":{"rendered":"<p><strong>NAPOMENE:<\/strong> fotalja sa slika nije uklju\u010dena u cenu proizvoda \/ proizvodi od grafit sive i cigla boje \u0107e uskoro imati kompletne slike proizvoda<\/p>\n<p><strong>SIZE:<\/strong> 80x80cm, visina 40cm; ili 50x80cm, visina 40cm<\/p>\n<p><strong>MATERIJAL KANAPA:<\/strong> polyester matt rope, 4,5mm thickness, UV stable and water resistant; simple knitting<\/p>\n<p><strong>MATERIJAL NAVLAKE:<\/strong> Nauti\u010dka eko ko\u017ea + gornji sloj akril platno, premium naut\u010dkog kvaliteta; akril platno ima najbolju UV opornost, ne bledi godinama I otporan je na vlagu I na bu\u0111; izgleda luksuzno I na dodir je luksuzan materijal, najsli\u010dniji indoor tekstilu I gotovo se ne ose\u0107a \u201cplasti\u010dnost\u201d outdoor materijala.<\/p>\n<p><strong>FILLING:<\/strong> Proizvod je napunjen stiroporskim kuglicama. Posle odre\u0111enog vremena kori\u0161\u0107enja oblik fotelje \u0107e se opustiti a punjenje je lako dopuniti. Punjenje mo\u017eete dopuniti sami; za dopunu punjenja preporu\u010duje se da se nabavi d\u017eak od oko 60-90l.<\/p>\n<p><strong>WARRANTY 2 YEARS. <\/strong>More about warranty read in Terms of use<\/p>\n<p><strong>DEADLINE:<\/strong> Ukoliko proizvod nije na stanju u \u017eeljenoj boji, potvrdom kupovine se poru\u010duje. Rok izrade 10-20 radnih dana osim ukoliko proizvod nabavite u okviru akcije &#8222;poru\u010di van sezone, koristi u sezoni&#8220; kada su rokovi izrade ve\u0107i.<\/p>\n<p><strong>MORE ABOUT USAGE, MAINTENANCE AND DETAILS OF PRODUCT: <\/strong>read in ADDITIONAL DETAILS<\/p>\n<p>SHIPPING IN SERBIA is included in product price, by sending product with courier services, except for products purchased on sale 20% or more. Free shipping does not apply on specialy organised transport of big quantities.<\/p>","protected":false},"excerpt":{"rendered":"<p>Outdoor lazy bag tabure, sa zanimljivim \u010dvorovanjem makrame tehnikom. Ru\u010dni rad. Izra\u0111en od veoma kvalitetne eko ko\u017ee i sa dodatim gornjim slojem od prijatnog outdoor mebla, tako da leti na vru\u0107inama mo\u017eete udobno sedeti na njemu.<\/p>","protected":false},"featured_media":6335,"template":"","meta":[],"product_brand":[],"product_cat":[371],"product_tag":[266,272,359,361,268,205],"class_list":{"0":"post-6340","1":"product","2":"type-product","3":"status-publish","4":"has-post-thumbnail","6":"product_cat-pouf-taburei","7":"product_tag-indoor","8":"product_tag-lazy_punjenje","9":"product_tag-makrame","10":"product_tag-od-kanapa","11":"product_tag-outdoor","12":"product_tag-vodootporno","14":"first","15":"onbackorder","16":"taxable","17":"shipping-taxable","18":"purchasable","19":"product-type-variable"},"_links":{"self":[{"href":"https:\/\/kiaradezen.com\/en\/wp-json\/wp\/v2\/product\/6340","targetHints":{"allow":["GET"]}}],"collection":[{"href":"https:\/\/kiaradezen.com\/en\/wp-json\/wp\/v2\/product"}],"about":[{"href":"https:\/\/kiaradezen.com\/en\/wp-json\/wp\/v2\/types\/product"}],"wp:featuredmedia":[{"embeddable":true,"href":"https:\/\/kiaradezen.com\/en\/wp-json\/wp\/v2\/media\/6335"}],"wp:attachment":[{"href":"https:\/\/kiaradezen.com\/en\/wp-json\/wp\/v2\/media?parent=6340"}],"wp:term":[{"taxonomy":"product_brand","embeddable":true,"href":"https:\/\/kiaradezen.com\/en\/wp-json\/wp\/v2\/product_brand?post=6340"},{"taxonomy":"product_cat","embeddable":true,"href":"https:\/\/kiaradezen.com\/en\/wp-json\/wp\/v2\/product_cat?post=6340"},{"taxonomy":"product_tag","embeddable":true,"href":"https:\/\/kiaradezen.com\/en\/wp-json\/wp\/v2\/product_tag?post=6340"}],"curies":[{"name":"wp","href":"https:\/\/api.w.org\/{rel}","templated":true}]}}