{"id":6193,"date":"2024-09-10T09:44:25","date_gmt":"2024-09-10T09:44:25","guid":{"rendered":"https:\/\/kiaradezen.com\/?post_type=product&#038;p=6193"},"modified":"2026-04-06T07:57:06","modified_gmt":"2026-04-06T07:57:06","slug":"makrame-lazy-bag-fotelja","status":"publish","type":"product","link":"https:\/\/kiaradezen.com\/en\/product\/makrame-lazy-bag-fotelja\/","title":{"rendered":"Yuta bean bag chair - premium macrame"},"content":{"rendered":"<p><strong>NAPOMENE:<\/strong> kocka tabure sa slika nije uklju\u010den u cenu proizvoda \/ proizvodi od grafit sive i cigla boje \u0107e uskoro imati kompletne slike proizvoda<\/p>\n<p><strong>SIZE:<\/strong>\u00a080x117; height 40-75cm<\/p>\n<p><strong>MATERIJAL KANAPA:<\/strong> polyester matt rope, 4,5mm thickness, UV stable and water resistant; simple knitting<\/p>\n<p><strong>MATERIJAL FOTELJE:<\/strong> Nauti\u010dka eko ko\u017ea + gornji sloj outdoor mebl prijatan na dodir ko\u017ee<\/p>\n<p><strong>MODEL:<\/strong>PLUS model izra\u0111uje se sa zasebnim ulo\u0161kom od gornje navlake, tako da postoji mogu\u0107nosti skidanja navlake i ma\u0161inskog pranja<\/p>\n<p><strong>FILLING:<\/strong> Proizvod je napunjen stiroporskim kuglicama. Posle odre\u0111enog vremena kori\u0161\u0107enja oblik taburea \u0107e se opustiti a punjenje je lako dopuniti. Punjenje mo\u017eete dopuniti sami; za dopunu punjenja preporu\u010duje se da se nabavi d\u017eak od oko 60-90l.<\/p>\n<p><strong>WARRANTY 2 YEARS. <\/strong>More about warranty read in Terms of use<\/p>\n<p><strong>DEADLINE:<\/strong>Ukoliko proizvod nije na stanju u \u017eeljenoj boji, potvrdom kupovine se poru\u010duje. Rok izrade 10-20 radnih dana osim ukoliko proizvod nabavite u okviru akcije &#8222;poru\u010di van sezone, koristi u sezoni&#8220; kada su rokovi izrade ve\u0107i.<\/p>\n<p><strong>MORE ABOUT USAGE, MAINTENANCE AND DETAILS OF PRODUCT: <\/strong>read in ADDITIONAL DETAILS<\/p>\n<p>SHIPPING IN SERBIA is included in product price, by sending product with courier services, except for products purchased on sale 20% or more. Free shipping does not apply on specialy organised transport of big quantities.<\/p>","protected":false},"excerpt":{"rendered":"<p>Outdoor lazy bag fotelja, sa zanimljivim \u010dvorovanjem makrame tehnikom. Ru\u010dni rad. Izra\u0111ena od veoma kvalitetne eko ko\u017ee i sa dodatim gornjim slojem od prijatnog outdoor mebla, tako da leti na vru\u0107inama mo\u017eete udobno sedeti na njoj.<\/p>","protected":false},"featured_media":6334,"template":"","meta":[],"product_brand":[],"product_cat":[370],"product_tag":[266,272,224,361,268,204,205],"class_list":{"0":"post-6193","1":"product","2":"type-product","3":"status-publish","4":"has-post-thumbnail","6":"product_cat-fotelje-lezaljke-lejzi-begovi","7":"product_tag-indoor","8":"product_tag-lazy_punjenje","9":"product_tag-na-stanju","10":"product_tag-od-kanapa","11":"product_tag-outdoor","12":"product_tag-pleteno","13":"product_tag-vodootporno","15":"first","16":"onbackorder","17":"taxable","18":"shipping-taxable","19":"purchasable","20":"product-type-variable"},"_links":{"self":[{"href":"https:\/\/kiaradezen.com\/en\/wp-json\/wp\/v2\/product\/6193","targetHints":{"allow":["GET"]}}],"collection":[{"href":"https:\/\/kiaradezen.com\/en\/wp-json\/wp\/v2\/product"}],"about":[{"href":"https:\/\/kiaradezen.com\/en\/wp-json\/wp\/v2\/types\/product"}],"wp:featuredmedia":[{"embeddable":true,"href":"https:\/\/kiaradezen.com\/en\/wp-json\/wp\/v2\/media\/6334"}],"wp:attachment":[{"href":"https:\/\/kiaradezen.com\/en\/wp-json\/wp\/v2\/media?parent=6193"}],"wp:term":[{"taxonomy":"product_brand","embeddable":true,"href":"https:\/\/kiaradezen.com\/en\/wp-json\/wp\/v2\/product_brand?post=6193"},{"taxonomy":"product_cat","embeddable":true,"href":"https:\/\/kiaradezen.com\/en\/wp-json\/wp\/v2\/product_cat?post=6193"},{"taxonomy":"product_tag","embeddable":true,"href":"https:\/\/kiaradezen.com\/en\/wp-json\/wp\/v2\/product_tag?post=6193"}],"curies":[{"name":"wp","href":"https:\/\/api.w.org\/{rel}","templated":true}]}}