{"id":6103,"date":"2024-03-08T14:37:56","date_gmt":"2024-03-08T14:37:56","guid":{"rendered":"https:\/\/kiaradezen.com\/?post_type=product&#038;p=6103"},"modified":"2026-03-20T09:37:43","modified_gmt":"2026-03-20T09:37:43","slug":"heklani-suncobran","status":"publish","type":"product","link":"https:\/\/kiaradezen.com\/en\/product\/heklani-suncobran\/","title":{"rendered":"Heklani suncobran"},"content":{"rendered":"<p><strong>SIZE:<\/strong> pre\u010dnik 2,7m<\/p>\n<p><strong>KNITTED LAYER FABRIC: <\/strong>poliester mat kanap, UV stabilan i vodootporan<\/p>\n<p><strong>OPCIJE KUPOVINE OPIS:<\/strong> Da biste sklopili va\u0161 heklani suncobran mo\u017eete od nas kupitisamo pleteni deo, a sami nabavitikonstrukciju, po va\u0161em izboru, a na\u0161a preporuka su drvena konstrukcija iz Jyska, model LEMVIG ili aluminijum konstrukcija u imitaciji drveta iz IKEE, model BETSOJA. Obe konstrukcije su pre\u010dnika 3m i potrebno je skraitti njihove krake na pre\u010dnik 2,7m. Ne pletemo heklani deo u pre\u010dniku 3m, jer za ovakav model to bude preveliko. Heklani deo je te\u017eak oko 6,5kg, kada se natopi onda je te\u017eina duplo ve\u0107ai potrebno je obezbediti te\u0161ko postolje od minimum 50kg. U cenu &#8222;heklani deo+konstrukcija&#8220; uklju\u010deno je, pored nabavke konstrukcije, i prilago\u0111avanje krakova konstrukcije na potrebnu meru.<\/p>\n<p><strong>GARANCIJA NA PLETENI DEO 2 GODINE. <\/strong>More about warranty read in Terms of use<\/p>\n<p><strong>DEADLINE:<\/strong> Ukoliko proizvod nije na stanju u \u017eeljenoj boji, potvrdom kupovine se poru\u010duje. Rok izrade 30-45 radnih dana<\/p>\n<p>SHIPPING IN SERBIA is included in product price, by sending product with courier services, except for products purchased on sale 20% or more. Free shipping does not apply on specialy organised transport of big quantities.<\/p>","protected":false},"excerpt":{"rendered":"<p>Outdoor heklani suncobran boho izgleda i 100% ru\u010dnog rada<\/p>","protected":false},"featured_media":6788,"template":"","meta":[],"product_brand":[],"product_cat":[356],"product_tag":[276,268,205],"class_list":{"0":"post-6103","1":"product","2":"type-product","3":"status-publish","4":"has-post-thumbnail","6":"product_cat-suncobrani","7":"product_tag-heklano","8":"product_tag-outdoor","9":"product_tag-vodootporno","11":"first","12":"instock","13":"taxable","14":"shipping-taxable","15":"purchasable","16":"product-type-variable"},"_links":{"self":[{"href":"https:\/\/kiaradezen.com\/en\/wp-json\/wp\/v2\/product\/6103","targetHints":{"allow":["GET"]}}],"collection":[{"href":"https:\/\/kiaradezen.com\/en\/wp-json\/wp\/v2\/product"}],"about":[{"href":"https:\/\/kiaradezen.com\/en\/wp-json\/wp\/v2\/types\/product"}],"wp:featuredmedia":[{"embeddable":true,"href":"https:\/\/kiaradezen.com\/en\/wp-json\/wp\/v2\/media\/6788"}],"wp:attachment":[{"href":"https:\/\/kiaradezen.com\/en\/wp-json\/wp\/v2\/media?parent=6103"}],"wp:term":[{"taxonomy":"product_brand","embeddable":true,"href":"https:\/\/kiaradezen.com\/en\/wp-json\/wp\/v2\/product_brand?post=6103"},{"taxonomy":"product_cat","embeddable":true,"href":"https:\/\/kiaradezen.com\/en\/wp-json\/wp\/v2\/product_cat?post=6103"},{"taxonomy":"product_tag","embeddable":true,"href":"https:\/\/kiaradezen.com\/en\/wp-json\/wp\/v2\/product_tag?post=6103"}],"curies":[{"name":"wp","href":"https:\/\/api.w.org\/{rel}","templated":true}]}}