{"id":5779,"date":"2023-10-08T13:12:59","date_gmt":"2023-10-08T13:12:59","guid":{"rendered":"https:\/\/kiaradezen.com\/?post_type=product&#038;p=5779"},"modified":"2026-03-27T10:54:13","modified_gmt":"2026-03-27T10:54:13","slug":"yava-tabure-copy","status":"publish","type":"product","link":"https:\/\/kiaradezen.com\/en\/product\/yava-tabure-copy\/","title":{"rendered":"Yava tabure \u0161tof"},"content":{"rendered":"<p><strong>SIZE:<\/strong> diameter 45cm, height 40cm<\/p>\n<p><strong>FABRIC:<\/strong> PU outdoor fabric<\/p>\n<p><strong>INSERT:<\/strong> PU styrofoam cuted in round shape, upholstered in PVC material. Insert is light and comfortable for seating<\/p>\n<p><strong>WARRANTY 2 YEARS. <\/strong>More about warranty read in Terms of use<\/p>\n<p><strong>DEADLINE:<\/strong>Ukoliko proizvod nije na stanju u \u017eeljenoj boji, potvrdom kupovine se poru\u010duje. Rok izrade 10-20 radnih dana osim ukoliko proizvod nabavite u okviru akcije &#8222;poru\u010di van sezone, koristi u sezoni&#8220; kada su rokovi izrade ve\u0107i.<\/p>\n<p><strong>MORE ABOUT USAGE, MAINTENANCE AND DETAILS OF PRODUCT: <\/strong>read in ADDITIONAL DETAILS<\/p>\n<p>SHIPPING IN SERBIA is included in product price, by sending product with courier services, except for products purchased on sale 20% or more. Free shipping does not apply on specialy organised transport of big quantities.<\/p>","protected":false},"excerpt":{"rendered":"<p>Stool that can serve both as coffee table or additional ottoman seat, with a hande of artifial leather. Fabric cannot be removed but it is easily maintained<\/p>","protected":false},"featured_media":6588,"template":"","meta":[],"product_brand":[],"product_cat":[372],"product_tag":[266,362,268,205],"class_list":{"0":"post-5779","1":"product","2":"type-product","3":"status-publish","4":"has-post-thumbnail","6":"product_cat-cvrsti-taburei-stocici","7":"product_tag-indoor","8":"product_tag-od-tekstila","9":"product_tag-outdoor","10":"product_tag-vodootporno","12":"first","13":"onbackorder","14":"taxable","15":"shipping-taxable","16":"purchasable","17":"product-type-variable"},"_links":{"self":[{"href":"https:\/\/kiaradezen.com\/en\/wp-json\/wp\/v2\/product\/5779","targetHints":{"allow":["GET"]}}],"collection":[{"href":"https:\/\/kiaradezen.com\/en\/wp-json\/wp\/v2\/product"}],"about":[{"href":"https:\/\/kiaradezen.com\/en\/wp-json\/wp\/v2\/types\/product"}],"wp:featuredmedia":[{"embeddable":true,"href":"https:\/\/kiaradezen.com\/en\/wp-json\/wp\/v2\/media\/6588"}],"wp:attachment":[{"href":"https:\/\/kiaradezen.com\/en\/wp-json\/wp\/v2\/media?parent=5779"}],"wp:term":[{"taxonomy":"product_brand","embeddable":true,"href":"https:\/\/kiaradezen.com\/en\/wp-json\/wp\/v2\/product_brand?post=5779"},{"taxonomy":"product_cat","embeddable":true,"href":"https:\/\/kiaradezen.com\/en\/wp-json\/wp\/v2\/product_cat?post=5779"},{"taxonomy":"product_tag","embeddable":true,"href":"https:\/\/kiaradezen.com\/en\/wp-json\/wp\/v2\/product_tag?post=5779"}],"curies":[{"name":"wp","href":"https:\/\/api.w.org\/{rel}","templated":true}]}}