{"id":5708,"date":"2023-07-12T09:29:42","date_gmt":"2023-07-12T09:29:42","guid":{"rendered":"https:\/\/kiaradezen.com\/?post_type=product&#038;p=5708"},"modified":"2026-03-14T23:25:00","modified_gmt":"2026-03-14T23:25:00","slug":"val-bluza-haljina","status":"publish","type":"product","link":"https:\/\/kiaradezen.com\/en\/product\/val-bluza-haljina\/","title":{"rendered":"Val shirt\/dress"},"content":{"rendered":"<p class=\"p1\"><b>SIZE:<\/b> one size \/ \u0161irina u ramenima i grudima 40cm, bokovi obim 100cm, du\u017eina 98cm. Trikota\u017eno pletenje dozvoljava \u0161irenje po potrebi.<\/p>\n<p class=\"p2\"><b>FABRIC: <\/b>50% pamuk, 50% bambus. Bambus materijal ima predivne karakteristike kao tkanina: veoma je mekana, svilenkasta i luksuzna na dodir, bez premca u udobnosti, hipoalergijska, eco friendly bambus vlakna ne iritiraju ko\u017eu, ne\u017eniji je od mnogih vlakana, prozra\u010dan i sa termo regulacijom- leti hladi, zimi greje- vi\u0161e upija od pamuka, nema suvi\u0161ne vlage na ko\u017ei, ima UV za\u0161titu.<\/p>\n<p class=\"p1\">SHIPPING IN SERBIA is included in product price, by sending product with courier services, except for products purchased on sale 20% or more. Free shipping does not apply on specialy organised transport of big quantities.<\/p>","protected":false},"excerpt":{"rendered":"<p class=\"p1\">knitwear shirt\/dress, very light, with wide open side, perfect for beach wear or even summer city walks<\/p>","protected":false},"featured_media":5692,"template":"","meta":[],"product_brand":[],"product_cat":[242],"product_tag":[276,270],"class_list":{"0":"post-5708","1":"product","2":"type-product","3":"status-publish","4":"has-post-thumbnail","6":"product_cat-outlet","7":"product_tag-heklano","8":"product_tag-pamuk","10":"first","11":"outofstock","12":"sale","13":"taxable","14":"shipping-taxable","15":"purchasable","16":"product-type-variable"},"_links":{"self":[{"href":"https:\/\/kiaradezen.com\/en\/wp-json\/wp\/v2\/product\/5708","targetHints":{"allow":["GET"]}}],"collection":[{"href":"https:\/\/kiaradezen.com\/en\/wp-json\/wp\/v2\/product"}],"about":[{"href":"https:\/\/kiaradezen.com\/en\/wp-json\/wp\/v2\/types\/product"}],"wp:featuredmedia":[{"embeddable":true,"href":"https:\/\/kiaradezen.com\/en\/wp-json\/wp\/v2\/media\/5692"}],"wp:attachment":[{"href":"https:\/\/kiaradezen.com\/en\/wp-json\/wp\/v2\/media?parent=5708"}],"wp:term":[{"taxonomy":"product_brand","embeddable":true,"href":"https:\/\/kiaradezen.com\/en\/wp-json\/wp\/v2\/product_brand?post=5708"},{"taxonomy":"product_cat","embeddable":true,"href":"https:\/\/kiaradezen.com\/en\/wp-json\/wp\/v2\/product_cat?post=5708"},{"taxonomy":"product_tag","embeddable":true,"href":"https:\/\/kiaradezen.com\/en\/wp-json\/wp\/v2\/product_tag?post=5708"}],"curies":[{"name":"wp","href":"https:\/\/api.w.org\/{rel}","templated":true}]}}