{"id":5559,"date":"2023-07-04T03:57:12","date_gmt":"2023-07-04T03:57:12","guid":{"rendered":"https:\/\/kiaradezen.com\/?post_type=product&#038;p=5559"},"modified":"2026-04-06T09:33:04","modified_gmt":"2026-04-06T09:33:04","slug":"bloom-lazy-tabure-vise-boja","status":"publish","type":"product","link":"https:\/\/kiaradezen.com\/en\/product\/bloom-lazy-tabure-vise-boja\/","title":{"rendered":"Pouf tabure pre\u010dnik 80cm"},"content":{"rendered":"<p style=\"padding-left: 40px;\"><strong>SIZE:<\/strong> diameter 80cm, height 40cm<\/p>\n<p><strong>MATERIJAL \u0160ARENIH TKANINA:<\/strong> PP olefin tkanina, otporna na outdoor uslove; polipropilen se brzo su\u0161i. otporan je na fleke, na bu\u0111, ima dobru UV stabilnost, i otporan je na habanje<\/p>\n<p><strong>MATERIJAL JEDNOBOJNIH TKANINA<\/strong>: akril platno, premium naut\u010dkog kvaliteta; akril platno ima najbolju UV opornost, ne bledi godinama I otporan je na vlagu I na bu\u0111; izgleda luksuzno I na dodir je luksuzan materijal, najsli\u010dniji indoor tekstilu I gotovo se ne ose\u0107a \u201cplasti\u010dnost\u201d outdoor materijala.<\/p>\n<p><strong>FILLING:<\/strong> Ceo tabure punjen je stiroporskim kuglicama. Posle odre\u0111enog vremena kori\u0161\u0107enja oblik taburea \u0107e se opustiti a punjenje je lako dopuniti. Punjenje mo\u017eete dopuniti sami: za dopunu punjenja preporu\u010duje se da se nabavi d\u017eak od oko 50-60l, koji lako mo\u017eete nabaviti ukoliko na internetu tra\u017eite &#8222;dopunu za lejzi bag&#8220;, ili &#8222;stiroporske kuglice&#8220;.<\/p>\n<p><strong>WARRANTY 2 YEARS. <\/strong>More about warranty read in Terms of use<\/p>\n<p><strong>DEADLINE:<\/strong>Ukoliko proizvod nije na stanju u \u017eeljenoj boji, potvrdom kupovine se poru\u010duje. Rok izrade 10-20 radnih dana osim ukoliko proizvod nabavite u okviru akcije &#8222;poru\u010di van sezone, koristi u sezoni&#8220; kada su rokovi izrade ve\u0107i.<\/p>\n<p><strong>MORE ABOUT USAGE, MAINTENANCE AND DETAILS OF PRODUCT: <\/strong>read in ADDITIONAL DETAILS<\/p>\n<p>SHIPPING IN SERBIA is included in product price, by sending product with courier services, except for products purchased on sale 20% or more. Free shipping does not apply on specialy organised transport of big quantities.<\/p>","protected":false},"excerpt":{"rendered":"<p>Outdoor lazy tabure nogonaslon, mo\u017ee da slu\u017ei i kao sto\u010di\u0107 u kompletu sa foteljama i le\u017ealjkama<\/p>","protected":false},"featured_media":6661,"template":"","meta":[],"product_brand":[],"product_cat":[371],"product_tag":[272,362,268,205],"class_list":{"0":"post-5559","1":"product","2":"type-product","3":"status-publish","4":"has-post-thumbnail","6":"product_cat-pouf-taburei","7":"product_tag-lazy_punjenje","8":"product_tag-od-tekstila","9":"product_tag-outdoor","10":"product_tag-vodootporno","12":"first","13":"onbackorder","14":"taxable","15":"shipping-taxable","16":"purchasable","17":"product-type-variable"},"_links":{"self":[{"href":"https:\/\/kiaradezen.com\/en\/wp-json\/wp\/v2\/product\/5559","targetHints":{"allow":["GET"]}}],"collection":[{"href":"https:\/\/kiaradezen.com\/en\/wp-json\/wp\/v2\/product"}],"about":[{"href":"https:\/\/kiaradezen.com\/en\/wp-json\/wp\/v2\/types\/product"}],"wp:featuredmedia":[{"embeddable":true,"href":"https:\/\/kiaradezen.com\/en\/wp-json\/wp\/v2\/media\/6661"}],"wp:attachment":[{"href":"https:\/\/kiaradezen.com\/en\/wp-json\/wp\/v2\/media?parent=5559"}],"wp:term":[{"taxonomy":"product_brand","embeddable":true,"href":"https:\/\/kiaradezen.com\/en\/wp-json\/wp\/v2\/product_brand?post=5559"},{"taxonomy":"product_cat","embeddable":true,"href":"https:\/\/kiaradezen.com\/en\/wp-json\/wp\/v2\/product_cat?post=5559"},{"taxonomy":"product_tag","embeddable":true,"href":"https:\/\/kiaradezen.com\/en\/wp-json\/wp\/v2\/product_tag?post=5559"}],"curies":[{"name":"wp","href":"https:\/\/api.w.org\/{rel}","templated":true}]}}