{"id":5229,"date":"2023-03-31T22:37:35","date_gmt":"2023-03-31T22:37:35","guid":{"rendered":"https:\/\/kiaradezen.com\/?post_type=product&#038;p=5229"},"modified":"2026-04-10T20:13:16","modified_gmt":"2026-04-10T20:13:16","slug":"fiora-torba","status":"publish","type":"product","link":"https:\/\/kiaradezen.com\/en\/product\/fiora-torba\/","title":{"rendered":"Fiora hand bag"},"content":{"rendered":"<p><strong>SIZE:<\/strong> 36X20x30cm<\/p>\n<p><strong style=\"font-size: 1.125rem;\">FABRIC: <\/strong>matte polyester rope, leather details<span style=\"font-size: 1.125rem;\">, ko\u017eni detalji<\/span><\/p>\n<p><strong style=\"font-size: 1.125rem;\">DETAILS:<\/strong><span style=\"font-size: 1.125rem;\"> inside pocket, firm bottom<\/span><\/p>\n<p>SHIPPING IN SERBIA is included in product price, by sending product with courier services, except for products purchased on sale 20% or more. Free shipping does not apply on specialy organised transport of big quantities.<\/p>","protected":false},"excerpt":{"rendered":"<p>Ru\u010dno heklana veoma atraktivna ceger torba , sa ko\u017enim detaljima, unutra\u0161njim d\u017eepom i \u010dvrstim dnom<\/p>","protected":false},"featured_media":7173,"template":"","meta":[],"product_brand":[],"product_cat":[242],"product_tag":[276,361],"class_list":{"0":"post-5229","1":"product","2":"type-product","3":"status-publish","4":"has-post-thumbnail","6":"product_cat-outlet","7":"product_tag-heklano","8":"product_tag-od-kanapa","10":"first","11":"instock","12":"sale","13":"taxable","14":"shipping-taxable","15":"purchasable","16":"product-type-variable"},"_links":{"self":[{"href":"https:\/\/kiaradezen.com\/en\/wp-json\/wp\/v2\/product\/5229","targetHints":{"allow":["GET"]}}],"collection":[{"href":"https:\/\/kiaradezen.com\/en\/wp-json\/wp\/v2\/product"}],"about":[{"href":"https:\/\/kiaradezen.com\/en\/wp-json\/wp\/v2\/types\/product"}],"wp:featuredmedia":[{"embeddable":true,"href":"https:\/\/kiaradezen.com\/en\/wp-json\/wp\/v2\/media\/7173"}],"wp:attachment":[{"href":"https:\/\/kiaradezen.com\/en\/wp-json\/wp\/v2\/media?parent=5229"}],"wp:term":[{"taxonomy":"product_brand","embeddable":true,"href":"https:\/\/kiaradezen.com\/en\/wp-json\/wp\/v2\/product_brand?post=5229"},{"taxonomy":"product_cat","embeddable":true,"href":"https:\/\/kiaradezen.com\/en\/wp-json\/wp\/v2\/product_cat?post=5229"},{"taxonomy":"product_tag","embeddable":true,"href":"https:\/\/kiaradezen.com\/en\/wp-json\/wp\/v2\/product_tag?post=5229"}],"curies":[{"name":"wp","href":"https:\/\/api.w.org\/{rel}","templated":true}]}}