{"id":4747,"date":"2022-08-15T16:17:09","date_gmt":"2022-08-15T16:17:09","guid":{"rendered":"https:\/\/kiaradezen.com\/?post_type=product&#038;p=4747"},"modified":"2026-03-27T10:54:54","modified_gmt":"2026-03-27T10:54:54","slug":"taburinni-pleteni-tabure-stock-bone","status":"publish","type":"product","link":"https:\/\/kiaradezen.com\/en\/product\/taburinni-pleteni-tabure-stock-bone\/","title":{"rendered":"Taburinni knitted ottoman"},"content":{"rendered":"<p><strong>NAPOMENE:<\/strong> proizvod su be\u017e, cigla i taupe boji bi\u0107e uskoro uslikan u celosti<\/p>\n<p><strong>SIZE:<\/strong> diameter 69cm, height 29cm<\/p>\n<p><strong>KNITTED COVER FABRIC:<\/strong> polyester matte rope, 4,5mm thickness, UV stable and water resistant; simple knitting<\/p>\n<p><strong>INSERT:<\/strong> Styrofoam cutted in ellipse shape, upholstered in outdoor material; insert is light, comfortable and water resistant<\/p>\n<p><strong>WARRANTY 2 YEARS. <\/strong>More about warranty read in Terms of use<\/p>\n<p><strong>ROK IZRADE:<\/strong>Ukoliko proizvod nije na stanju u \u017eeljenoj boji, potvrdom kupovine se poru\u010duje. Rok izrade 10-20 radnih dana osim ukoliko proizvod nabavite u okviru akcije &#8222;poru\u010di van sezone, koristi u sezoni&#8220; kada su rokovi izrade ve\u0107i.<\/p>\n<p><strong>MORE ABOUT USAGE, MAINTENANCE AND DETAILS OF PRODUCT: <\/strong>read in ADDITIONAL DETAILS<\/p>\n<p>&nbsp;<\/p>\n<p>SHIPPING IN SERBIA is included in product price, by sending product with courier services, except for products purchased on sale 20% or more. Free shipping does not apply on specialy organised transport of big quantities.<\/p>","protected":false},"excerpt":{"rendered":"<p>Hand knitted ottoman, easy to maintain, practical for both indoor and outdoor places. It is water resistant and UV stable<\/p>","protected":false},"featured_media":4288,"template":"","meta":[],"product_brand":[],"product_cat":[372],"product_tag":[266,361,268,204,222,205],"class_list":{"0":"post-4747","1":"product","2":"type-product","3":"status-publish","4":"has-post-thumbnail","6":"product_cat-cvrsti-taburei-stocici","7":"product_tag-indoor","8":"product_tag-od-kanapa","9":"product_tag-outdoor","10":"product_tag-pleteno","11":"product_tag-u-vasem-domu","12":"product_tag-vodootporno","14":"first","15":"instock","16":"taxable","17":"shipping-taxable","18":"purchasable","19":"product-type-variable"},"_links":{"self":[{"href":"https:\/\/kiaradezen.com\/en\/wp-json\/wp\/v2\/product\/4747","targetHints":{"allow":["GET"]}}],"collection":[{"href":"https:\/\/kiaradezen.com\/en\/wp-json\/wp\/v2\/product"}],"about":[{"href":"https:\/\/kiaradezen.com\/en\/wp-json\/wp\/v2\/types\/product"}],"wp:featuredmedia":[{"embeddable":true,"href":"https:\/\/kiaradezen.com\/en\/wp-json\/wp\/v2\/media\/4288"}],"wp:attachment":[{"href":"https:\/\/kiaradezen.com\/en\/wp-json\/wp\/v2\/media?parent=4747"}],"wp:term":[{"taxonomy":"product_brand","embeddable":true,"href":"https:\/\/kiaradezen.com\/en\/wp-json\/wp\/v2\/product_brand?post=4747"},{"taxonomy":"product_cat","embeddable":true,"href":"https:\/\/kiaradezen.com\/en\/wp-json\/wp\/v2\/product_cat?post=4747"},{"taxonomy":"product_tag","embeddable":true,"href":"https:\/\/kiaradezen.com\/en\/wp-json\/wp\/v2\/product_tag?post=4747"}],"curies":[{"name":"wp","href":"https:\/\/api.w.org\/{rel}","templated":true}]}}