{"id":4433,"date":"2021-11-26T20:26:24","date_gmt":"2021-11-26T20:26:24","guid":{"rendered":"https:\/\/kiaradezen.com\/?post_type=product&#038;p=4433"},"modified":"2026-03-27T10:55:06","modified_gmt":"2026-03-27T10:55:06","slug":"yava-xl-tabure","status":"publish","type":"product","link":"https:\/\/kiaradezen.com\/en\/product\/yava-xl-tabure\/","title":{"rendered":"Yava XL ottoman"},"content":{"rendered":"<p><strong>NOTE:<\/strong> proizvod u bojama grafit siva i be\u017e \u0107e biti uskoro uslikan u celosti<\/p>\n<p><strong>SIZE:<\/strong> diameter 75cm, height 35cm<\/p>\n<p><strong>KNITTED COVER FABRIC:<\/strong> poliester mat vodootpornim kanapo, uduplan za bogatiji izgled<\/p>\n<p><strong>INSERT:<\/strong> PU styrofoam cuted in round shape, upholstered in PVC material. Insert is light and comfortable for seating<\/p>\n<p><strong>WARRANTY 2 YEARS. <\/strong>More about warranty read in Terms of use<\/p>\n<p><strong>DEADLINE:<\/strong>Ukoliko proizvod nije na stanju u \u017eeljenoj boji, potvrdom kupovine se poru\u010duje. Rok izrade 10-20 radnih dana osim ukoliko proizvod nabavite u okviru akcije &#8222;poru\u010di van sezone, koristi u sezoni&#8220; kada su rokovi izrade ve\u0107i.<\/p>\n<p><strong>MORE ABOUT USAGE, MAINTENANCE AND DETAILS OF PRODUCT: <\/strong>read in ADDITIONAL DETAILS<\/p>\n<p>SHIPPING IN SERBIA is included in product price, by sending product with courier services, except for products purchased on sale 20% or more. Free shipping does not apply on specialy organised transport of big quantities.<\/p>","protected":false},"excerpt":{"rendered":"<p>Pleteni tabure koji svojom veli\u010dinom i atraktivnim izgledom pleni svakim prostorom, a mo\u017ee poslu\u017eiti i kao sto\u010di\u0107.<\/p>","protected":false},"featured_media":4440,"template":"","meta":[],"product_brand":[],"product_cat":[372],"product_tag":[266,361,268,204],"class_list":{"0":"post-4433","1":"product","2":"type-product","3":"status-publish","4":"has-post-thumbnail","6":"product_cat-cvrsti-taburei-stocici","7":"product_tag-indoor","8":"product_tag-od-kanapa","9":"product_tag-outdoor","10":"product_tag-pleteno","12":"first","13":"onbackorder","14":"featured","15":"taxable","16":"shipping-taxable","17":"purchasable","18":"product-type-variable"},"_links":{"self":[{"href":"https:\/\/kiaradezen.com\/en\/wp-json\/wp\/v2\/product\/4433","targetHints":{"allow":["GET"]}}],"collection":[{"href":"https:\/\/kiaradezen.com\/en\/wp-json\/wp\/v2\/product"}],"about":[{"href":"https:\/\/kiaradezen.com\/en\/wp-json\/wp\/v2\/types\/product"}],"wp:featuredmedia":[{"embeddable":true,"href":"https:\/\/kiaradezen.com\/en\/wp-json\/wp\/v2\/media\/4440"}],"wp:attachment":[{"href":"https:\/\/kiaradezen.com\/en\/wp-json\/wp\/v2\/media?parent=4433"}],"wp:term":[{"taxonomy":"product_brand","embeddable":true,"href":"https:\/\/kiaradezen.com\/en\/wp-json\/wp\/v2\/product_brand?post=4433"},{"taxonomy":"product_cat","embeddable":true,"href":"https:\/\/kiaradezen.com\/en\/wp-json\/wp\/v2\/product_cat?post=4433"},{"taxonomy":"product_tag","embeddable":true,"href":"https:\/\/kiaradezen.com\/en\/wp-json\/wp\/v2\/product_tag?post=4433"}],"curies":[{"name":"wp","href":"https:\/\/api.w.org\/{rel}","templated":true}]}}