{"id":4394,"date":"2021-11-26T11:06:35","date_gmt":"2021-11-26T11:06:35","guid":{"rendered":"https:\/\/kiaradezen.com\/?post_type=product&#038;p=4394"},"modified":"2026-03-27T10:55:16","modified_gmt":"2026-03-27T10:55:16","slug":"bion-tabure","status":"publish","type":"product","link":"https:\/\/kiaradezen.com\/en\/product\/bion-tabure\/","title":{"rendered":"Bion ottoman"},"content":{"rendered":"<p><strong>NAPOMENE:<\/strong> proizvod u boji grafit siva, taupe i melan\u017e bojama bi\u0107e uskoro uslikani u celosti<\/p>\n<p><strong>SIZE:<\/strong> drvene nogice: pre\u010dnik 55cm, visina 35cm; metalne nogice pre\u010dnik 50cm, visina 40cm<\/p>\n<p><strong>KNITTED COVER FABRIC:<\/strong> poliester mat vodootporni kanap, uduplan za bogatiji izgled<\/p>\n<p><strong>INSERT:<\/strong> plywood upholstered in PVC fabric<\/p>\n<p><strong>WARRANTY 2 YEARS. <\/strong>More about warranty read in Terms of use<\/p>\n<p><strong>DEADLINE:<\/strong>Ukoliko proizvod nije na stanju u \u017eeljenoj boji, potvrdom kupovine se poru\u010duje. Rok izrade 10-20 radnih dana osim ukoliko proizvod nabavite u okviru akcije &#8222;poru\u010di van sezone, koristi u sezoni&#8220; kada su rokovi izrade ve\u0107i.<\/p>\n<p><strong>MORE ABOUT USAGE, MAINTENANCE AND DETAILS OF PRODUCT: <\/strong>read in ADDITIONAL DETAILS<\/p>\n<p>SHIPPING IN SERBIA is included in product price, by sending product with courier services, except for products purchased on sale 20% or more. Free shipping does not apply on specialy organised transport of big quantities.<\/p>","protected":false},"excerpt":{"rendered":"<p>Pleteni tabure pogodan kako za dodatno sedenje tako i kao dodatni sto\u010di\u0107.<\/p>","protected":false},"featured_media":4432,"template":"","meta":[],"product_brand":[],"product_cat":[372],"product_tag":[266,361,268,204],"class_list":{"0":"post-4394","1":"product","2":"type-product","3":"status-publish","4":"has-post-thumbnail","6":"product_cat-cvrsti-taburei-stocici","7":"product_tag-indoor","8":"product_tag-od-kanapa","9":"product_tag-outdoor","10":"product_tag-pleteno","12":"first","13":"instock","14":"taxable","15":"shipping-taxable","16":"purchasable","17":"product-type-variable"},"_links":{"self":[{"href":"https:\/\/kiaradezen.com\/en\/wp-json\/wp\/v2\/product\/4394","targetHints":{"allow":["GET"]}}],"collection":[{"href":"https:\/\/kiaradezen.com\/en\/wp-json\/wp\/v2\/product"}],"about":[{"href":"https:\/\/kiaradezen.com\/en\/wp-json\/wp\/v2\/types\/product"}],"wp:featuredmedia":[{"embeddable":true,"href":"https:\/\/kiaradezen.com\/en\/wp-json\/wp\/v2\/media\/4432"}],"wp:attachment":[{"href":"https:\/\/kiaradezen.com\/en\/wp-json\/wp\/v2\/media?parent=4394"}],"wp:term":[{"taxonomy":"product_brand","embeddable":true,"href":"https:\/\/kiaradezen.com\/en\/wp-json\/wp\/v2\/product_brand?post=4394"},{"taxonomy":"product_cat","embeddable":true,"href":"https:\/\/kiaradezen.com\/en\/wp-json\/wp\/v2\/product_cat?post=4394"},{"taxonomy":"product_tag","embeddable":true,"href":"https:\/\/kiaradezen.com\/en\/wp-json\/wp\/v2\/product_tag?post=4394"}],"curies":[{"name":"wp","href":"https:\/\/api.w.org\/{rel}","templated":true}]}}