{"id":4118,"date":"2021-08-23T13:11:39","date_gmt":"2021-08-23T13:11:39","guid":{"rendered":"https:\/\/kiaradezen.com\/?post_type=product&#038;p=4118"},"modified":"2026-03-27T10:55:41","modified_gmt":"2026-03-27T10:55:41","slug":"kuppa-duo-tabure","status":"publish","type":"product","link":"https:\/\/kiaradezen.com\/en\/product\/kuppa-duo-tabure\/","title":{"rendered":"Kupa Duo stool ottoman"},"content":{"rendered":"<p><strong>NAPOMENE:<\/strong> cena je navedena po komadu;<\/p>\n<p><strong>SIZE:<\/strong> diameter 30-35cm, height 49cm<\/p>\n<p><strong>KNITTED COVER FABRIC:<\/strong> polyester matt rope, water resistant and UV stable<\/p>\n<p><strong>INSERT:<\/strong> PU styrofoam cuted in round shape, upholstered in PVC material. Insert is light and comfortable for seating<\/p>\n<p><strong>WARRANTY 2 YEARS. <\/strong>More about warranty read in Terms of use<\/p>\n<p><strong>DEADLINE:<\/strong>Ukoliko proizvod nije na stanju u \u017eeljenoj boji, potvrdom kupovine se poru\u010duje. Rok izrade 10-20 radnih dana osim ukoliko proizvod nabavite u okviru akcije &#8222;poru\u010di van sezone, koristi u sezoni&#8220; kada su rokovi izrade ve\u0107i.<\/p>\n<p><strong>MORE ABOUT USAGE, MAINTENANCE AND DETAILS OF PRODUCT: <\/strong>read in ADDITIONAL DETAILS<\/p>\n<p>SHIPPING IN SERBIA is included in product price, by sending product with courier services, except for products purchased on sale 20% or more. Free shipping does not apply on specialy organised transport of big quantities.<\/p>","protected":false},"excerpt":{"rendered":"<p>Visoki tabure pogodan kako za dodatno sedenje tako i kao dodatni sto\u010di\u0107. Tabure ima zanimljivu pletenu kombinaciju sa drugom bojom u donjem delu. Mo\u017ee se odli\u010dno kombinovati sa tabureom Kupa Duplo<\/p>","protected":false},"featured_media":6622,"template":"","meta":[],"product_brand":[],"product_cat":[372],"product_tag":[361,268,204,222,205],"class_list":{"0":"post-4118","1":"product","2":"type-product","3":"status-publish","4":"has-post-thumbnail","6":"product_cat-cvrsti-taburei-stocici","7":"product_tag-od-kanapa","8":"product_tag-outdoor","9":"product_tag-pleteno","10":"product_tag-u-vasem-domu","11":"product_tag-vodootporno","13":"first","14":"onbackorder","15":"taxable","16":"shipping-taxable","17":"purchasable","18":"product-type-variable"},"_links":{"self":[{"href":"https:\/\/kiaradezen.com\/en\/wp-json\/wp\/v2\/product\/4118","targetHints":{"allow":["GET"]}}],"collection":[{"href":"https:\/\/kiaradezen.com\/en\/wp-json\/wp\/v2\/product"}],"about":[{"href":"https:\/\/kiaradezen.com\/en\/wp-json\/wp\/v2\/types\/product"}],"wp:featuredmedia":[{"embeddable":true,"href":"https:\/\/kiaradezen.com\/en\/wp-json\/wp\/v2\/media\/6622"}],"wp:attachment":[{"href":"https:\/\/kiaradezen.com\/en\/wp-json\/wp\/v2\/media?parent=4118"}],"wp:term":[{"taxonomy":"product_brand","embeddable":true,"href":"https:\/\/kiaradezen.com\/en\/wp-json\/wp\/v2\/product_brand?post=4118"},{"taxonomy":"product_cat","embeddable":true,"href":"https:\/\/kiaradezen.com\/en\/wp-json\/wp\/v2\/product_cat?post=4118"},{"taxonomy":"product_tag","embeddable":true,"href":"https:\/\/kiaradezen.com\/en\/wp-json\/wp\/v2\/product_tag?post=4118"}],"curies":[{"name":"wp","href":"https:\/\/api.w.org\/{rel}","templated":true}]}}