{"id":4093,"date":"2021-08-23T13:08:44","date_gmt":"2021-08-23T13:08:44","guid":{"rendered":"https:\/\/kiaradezen.com\/?post_type=product&#038;p=4093"},"modified":"2026-04-06T08:03:15","modified_gmt":"2026-04-06T08:03:15","slug":"yutta-lazy-lezaljka","status":"publish","type":"product","link":"https:\/\/kiaradezen.com\/en\/product\/yutta-lazy-lezaljka\/","title":{"rendered":"Yuta lazy bag fotelja &#8211; premium knit"},"content":{"rendered":"<p><strong>SIZE:<\/strong> 80x117; height 40-75cm<\/p>\n<p><strong>KNITTED LAYER FABRIC:<\/strong> polyester matt rope, 4,5mm thickness, UV stable and water resistant; simple knitting<\/p>\n<p><strong>FABRIC:<\/strong> Nautical faux leather<\/p>\n<p><strong>MODEL: <\/strong>PLUS model izra\u0111uje se sa zasebnim ulo\u0161kom od gornje navlake, tako da postoji mogu\u0107nosti skidanja navlake i ma\u0161inskog pranja<\/p>\n<p><strong>FILLING:<\/strong> The product is filled with polystyrene beads.\nOver time and with regular use, the shape of the product may relax slightly, but the filling can be easily refilled.\nYou can refill it yourself \u2014 it is recommended to use a refill bag of approximately 60\u201390 L, which can be easily found online by searching for \u201cbean bag refill\u201d or \u201cpolystyrene beads.\u201d<\/p>\n<p><strong>WARRANTY 2 YEARS. <\/strong>More about warranty read in Terms of use<\/p>\n<p><strong>DEADLINE:<\/strong>Ukoliko proizvod nije na stanju u \u017eeljenoj boji, potvrdom kupovine se poru\u010duje. Rok izrade 10-20 radnih dana osim ukoliko proizvod nabavite u okviru akcije &#8222;poru\u010di van sezone, koristi u sezoni&#8220; kada su rokovi izrade ve\u0107i.<\/p>\n<p><strong>MORE ABOUT USAGE, MAINTENANCE AND DETAILS OF PRODUCT: <\/strong>read in ADDITIONAL DETAILS<\/p>\n<p>SHIPPING IN SERBIA is included in product price, by sending product with courier services, except for products purchased on sale 20% or more. Free shipping does not apply on specialy organised transport of big quantities.<\/p>","protected":false},"excerpt":{"rendered":"<p>Outdoor lazy bag, very attractive, with knitted upper layer- Hand made<\/p>","protected":false},"featured_media":6435,"template":"","meta":[],"product_brand":[],"product_cat":[370],"product_tag":[266,272,361,268,204,205],"class_list":{"0":"post-4093","1":"product","2":"type-product","3":"status-publish","4":"has-post-thumbnail","6":"product_cat-fotelje-lezaljke-lejzi-begovi","7":"product_tag-indoor","8":"product_tag-lazy_punjenje","9":"product_tag-od-kanapa","10":"product_tag-outdoor","11":"product_tag-pleteno","12":"product_tag-vodootporno","14":"first","15":"instock","16":"taxable","17":"shipping-taxable","18":"purchasable","19":"product-type-variable"},"_links":{"self":[{"href":"https:\/\/kiaradezen.com\/en\/wp-json\/wp\/v2\/product\/4093","targetHints":{"allow":["GET"]}}],"collection":[{"href":"https:\/\/kiaradezen.com\/en\/wp-json\/wp\/v2\/product"}],"about":[{"href":"https:\/\/kiaradezen.com\/en\/wp-json\/wp\/v2\/types\/product"}],"wp:featuredmedia":[{"embeddable":true,"href":"https:\/\/kiaradezen.com\/en\/wp-json\/wp\/v2\/media\/6435"}],"wp:attachment":[{"href":"https:\/\/kiaradezen.com\/en\/wp-json\/wp\/v2\/media?parent=4093"}],"wp:term":[{"taxonomy":"product_brand","embeddable":true,"href":"https:\/\/kiaradezen.com\/en\/wp-json\/wp\/v2\/product_brand?post=4093"},{"taxonomy":"product_cat","embeddable":true,"href":"https:\/\/kiaradezen.com\/en\/wp-json\/wp\/v2\/product_cat?post=4093"},{"taxonomy":"product_tag","embeddable":true,"href":"https:\/\/kiaradezen.com\/en\/wp-json\/wp\/v2\/product_tag?post=4093"}],"curies":[{"name":"wp","href":"https:\/\/api.w.org\/{rel}","templated":true}]}}