{"id":4088,"date":"2021-08-23T13:05:34","date_gmt":"2021-08-23T13:05:34","guid":{"rendered":"https:\/\/kiaradezen.com\/?post_type=product&#038;p=4088"},"modified":"2026-04-06T08:05:07","modified_gmt":"2026-04-06T08:05:07","slug":"yutta-tabure","status":"publish","type":"product","link":"https:\/\/kiaradezen.com\/en\/product\/yutta-tabure\/","title":{"rendered":"Pouf tabure &#8211; premium knit"},"content":{"rendered":"<p><strong>SIZE:<\/strong> 80x50x40cm ili 80x80x40cm<\/p>\n<p><strong>KNITTED LAYER FABRIC:<\/strong> polyester matt rope, 4,5mm thickness, UV stable and water resistant; simple knitting<\/p>\n<p><strong>FABRIC MATERIAL:<\/strong> Nautical faux leather<\/p>\n<p><strong>FILLING:<\/strong> Ceo tabure napunjen je stiroporskim kuglicama. Posle odre\u0111enog vremena kori\u0161\u0107enja oblik taburea \u0107e se opustiti a punjenje je lako dopuniti. Za dopunu punjenja preporu\u010duje se da se nabavi d\u017eak od 50-60l, koji mo\u017eete lako nabaviti ukoliko na internetu tra\u017eite &#8222;dopunu za lejzi bag&#8220;, ili &#8222;stiroporske kuglice&#8220;.<\/p>\n<p><strong>WARRANTY 2 YEARS. <\/strong>More about warranty read in Terms of use<\/p>\n<p><strong>DEADLINE:<\/strong>Ukoliko proizvod nije na stanju u \u017eeljenoj boji, potvrdom kupovine se poru\u010duje. Rok izrade 10-20 radnih dana osim ukoliko proizvod nabavite u okviru akcije &#8222;poru\u010di van sezone, koristi u sezoni&#8220; kada su rokovi izrade ve\u0107i.<\/p>\n<p><strong>MORE ABOUT USAGE, MAINTENANCE AND DETAILS OF PRODUCT: <\/strong>read in ADDITIONAL DETAILS<\/p>\n<p>SHIPPING IN SERBIA is included in product price, by sending product with courier services, except for products purchased on sale 20% or more. Free shipping does not apply on specialy organised transport of big quantities.<\/p>","protected":false},"excerpt":{"rendered":"<p>Outdoor footrest ottoman made to complete Yutta lazy bag, with upper knitted part. Hand made. Size 80x50 cm<\/p>","protected":false},"featured_media":4314,"template":"","meta":[],"product_brand":[],"product_cat":[371],"product_tag":[266,272,361,268,204,205],"class_list":{"0":"post-4088","1":"product","2":"type-product","3":"status-publish","4":"has-post-thumbnail","6":"product_cat-pouf-taburei","7":"product_tag-indoor","8":"product_tag-lazy_punjenje","9":"product_tag-od-kanapa","10":"product_tag-outdoor","11":"product_tag-pleteno","12":"product_tag-vodootporno","14":"first","15":"onbackorder","16":"taxable","17":"shipping-taxable","18":"purchasable","19":"product-type-variable"},"_links":{"self":[{"href":"https:\/\/kiaradezen.com\/en\/wp-json\/wp\/v2\/product\/4088","targetHints":{"allow":["GET"]}}],"collection":[{"href":"https:\/\/kiaradezen.com\/en\/wp-json\/wp\/v2\/product"}],"about":[{"href":"https:\/\/kiaradezen.com\/en\/wp-json\/wp\/v2\/types\/product"}],"wp:featuredmedia":[{"embeddable":true,"href":"https:\/\/kiaradezen.com\/en\/wp-json\/wp\/v2\/media\/4314"}],"wp:attachment":[{"href":"https:\/\/kiaradezen.com\/en\/wp-json\/wp\/v2\/media?parent=4088"}],"wp:term":[{"taxonomy":"product_brand","embeddable":true,"href":"https:\/\/kiaradezen.com\/en\/wp-json\/wp\/v2\/product_brand?post=4088"},{"taxonomy":"product_cat","embeddable":true,"href":"https:\/\/kiaradezen.com\/en\/wp-json\/wp\/v2\/product_cat?post=4088"},{"taxonomy":"product_tag","embeddable":true,"href":"https:\/\/kiaradezen.com\/en\/wp-json\/wp\/v2\/product_tag?post=4088"}],"curies":[{"name":"wp","href":"https:\/\/api.w.org\/{rel}","templated":true}]}}