{"id":3392,"date":"2018-08-22T08:50:17","date_gmt":"2018-08-22T08:50:17","guid":{"rendered":"http:\/\/konte.uix.store\/elementor\/?page_id=3"},"modified":"2022-12-06T10:24:18","modified_gmt":"2022-12-06T10:24:18","slug":"politika-privatnosti","status":"publish","type":"page","link":"https:\/\/kiaradezen.com\/en\/politika-privatnosti\/","title":{"rendered":"Privacy policy"},"content":{"rendered":"<p class=\"p1\">Va\u0161a privatnost je u potpunosti za\u0161ti\u0107ena. U ime Kiara de.zen-a obavezujemo se da \u0107emo \u010duvati privatnost svih na\u0161ih kupaca.<br \/>\nSve posredovane informacije su sigurne, ne\u0107emo ih ni pod kojim uslovima ustupati tre\u0107em licu, \u0161to Vam osigurava potpuno sigurno i bezbedno poslovanje i saradnju sa radionicom za izradu dekorativnih ku\u0107nih predmeta Kiara de.zen.<\/p>\n<h3>Za\u0161tita privatnosti podataka<\/h3>\n<p class=\"p1\">Da bismo uspe\u0161no obradili Va\u0161u narud\u017ebinu potrebni su nam Va\u0161e ime i prezime, adresa, e-mail i telefon. Uz pomo\u0107 tih podataka bi\u0107emo u mogu\u0107nosti da Vam isporu\u010dimo \u017eeljenu robu, kao i da Vas obavestimo o trenutnom statusu narud\u017ebine. Prikupljamo samo neophodne, osnovne podatke o kupcima\/korisnicima i podatke neophodne za poslovanje i informisanje korisnika u skladu sa dobrim poslovnim obi\u010dajima i u cilju pru\u017eanja kvalitetne usluge. Prijava ili registracija na http:\/\/kiaradezen.com\/ podrazumeva saglasnost korisnika da mu \u0161aljemo email, sms i viber obave\u0161tenja. Dajemo kupcima mogu\u0107nost izbora uklju\u010duju\u0107i mogu\u0107nost odluke da li \u017eele ili ne da se izbri\u0161u sa mailing, sms i viber lista koje koristimo za marketin\u0161ke kampanje.<br \/>\nKiara de.zen \u0107e Va\u0161e li\u010dne podatke koristiti isklju\u010divo u svrhe tehni\u010dke administracije web sajta, kako bi vam dala pristup posebnim informacijama ili za komunikaciju sa vama ili sa osobama kojima na\u0161u robu \u0161aljete na poklon. Kiara de.zen ne\u0107e prodati podatke koje poseduje tre\u0107im licima, niti na tr\u017ei\u0161tu. Zaposleni u Kiara de.zen-u su obavezni da po\u0161tuju poverljivost va\u0161ih podataka.<br \/>\nKiara de.zen mo\u017ee ustupiti Va\u0161e podatke (ime, prezime, adresu na koju se roba dostavlja, kontakt telefon osobe koja robu prima) partnerskoj firmi koja u ime Kiara de.zen-a a za Va\u0161 ra\u010dun robu dostavlja proizvode do \u017eeljene adrese. Partnerska firma je u obavezi da po\u0161tuje poverljivost Va\u0161ih podataka.<br \/>\nNikada i ni na koji na\u010din ne\u0107emo zloupotrebiti va\u0161e privatne informacije.<br \/>\nNe\u0107emo predati va\u0161e podatke za kontakt tre\u0107im licima, sem ukoliko se to od nas bude zahtevalo zakonom.<br \/>\nPored navedenih prikupljamo, analiziramo i obra\u0111ujemo podatke o proizvodima koje na\u0161i posetioci tra\u017ee i kupuju, kao i o stranicama koje pose\u0107uju. Te podatke koristimo da bismo pobolj\u0161ali ponudu i izgled na\u0161ih stranica, i omogu\u0107ili Vam jednostavnije kori\u0161\u0107enje, sigurniju i udobniju kupovinu.<\/p>\n<h3>Cookies<\/h3>\n<p class=\"p1\">Delovi na\u0161eg sajta http:\/\/kiaradezen.com\/ koriste \u201ecookies\u201c da Vam pomognu da prilagodite kori\u0161\u0107enje interneta Va\u0161im potrebama.<br \/>\nCookie je tekstualni fajl koji se \u010duva lokalno na va\u0161em ra\u010dunaru i koji omogu\u0107ava prepoznavanje korisnika koji se vratio na internet stranicu, a radi pra\u0107enja i analize poseta internet stranici u cilju optimizacije internet stranice Kiara de.zen-a.<br \/>\nLi\u010dni podaci u ovom slu\u010daju nisu sa\u010duvani, te se ove informacije ne mogu koristiti za li\u010dnu identifikaciju. Ukoliko ne \u017eelite da prihvatite da se Cookie \u010duva na va\u0161em ra\u010dunaru, neophodno je da onemogu\u0107ite Cookie za ovu internet stranicu u va\u0161em internet pretra\u017eiva\u010du. Ranije instaliran Cookie mo\u017eete obrisati iz va\u0161eg internet pretra\u017eiva\u010da. Onemogu\u0107avanje, odnosno brisanje, mo\u017ee zna\u010diti i umanjenje funkcionalnosti internet stranice.<br \/>\nCookie-ji su jedinstveno dodeljeni Vama, i jedino mogu biti pro\u010ditani od strane web servera u domenu koji Vam ih je poslao. Jedna od osnovnih svrha cookie-ja je da obezbedi pogodnosti koje \u0107e Vam u\u0161tedeti vreme.<\/p>\n<h3>Saglasnost i promena uslova<\/h3>\n<p class=\"p1\">Kori\u0161\u0107enje na\u0161ih servisa podrazumeva saglasnost korisnika sa navedenom politikom privatnosti i kori\u0161\u0107enja kola\u010di\u0107a. Kiara de.zen se obavezuje da \u0107e se pridr\u017eavati svega navedenog, a sve promene uslova postaju va\u017ee\u0107e tek nakon objavljivanja na ovoj strani i slanja e-mail obave\u0161tenja svim registrovanim korisnicima.<\/p>","protected":false},"excerpt":{"rendered":"<p>Va\u0161a privatnost je u potpunosti za\u0161ti\u0107ena. U ime Kiara de.zen-a obavezujemo se da \u0107emo \u010duvati privatnost svih na\u0161ih kupaca. Sve posredovane informacije su sigurne, ne\u0107emo ih ni pod kojim uslovima&hellip;<\/p>","protected":false},"author":2,"featured_media":0,"parent":0,"menu_order":0,"comment_status":"closed","ping_status":"closed","template":"","meta":{"footnotes":""},"class_list":["post-3392","page","type-page","status-publish","hentry"],"_links":{"self":[{"href":"https:\/\/kiaradezen.com\/en\/wp-json\/wp\/v2\/pages\/3392","targetHints":{"allow":["GET"]}}],"collection":[{"href":"https:\/\/kiaradezen.com\/en\/wp-json\/wp\/v2\/pages"}],"about":[{"href":"https:\/\/kiaradezen.com\/en\/wp-json\/wp\/v2\/types\/page"}],"author":[{"embeddable":true,"href":"https:\/\/kiaradezen.com\/en\/wp-json\/wp\/v2\/users\/2"}],"replies":[{"embeddable":true,"href":"https:\/\/kiaradezen.com\/en\/wp-json\/wp\/v2\/comments?post=3392"}],"version-history":[{"count":14,"href":"https:\/\/kiaradezen.com\/en\/wp-json\/wp\/v2\/pages\/3392\/revisions"}],"predecessor-version":[{"id":5070,"href":"https:\/\/kiaradezen.com\/en\/wp-json\/wp\/v2\/pages\/3392\/revisions\/5070"}],"wp:attachment":[{"href":"https:\/\/kiaradezen.com\/en\/wp-json\/wp\/v2\/media?parent=3392"}],"curies":[{"name":"wp","href":"https:\/\/api.w.org\/{rel}","templated":true}]}}