{"id":215,"date":"2018-08-30T09:43:44","date_gmt":"2018-08-30T09:43:44","guid":{"rendered":"http:\/\/konte.uix.store\/elementor\/?page_id=215"},"modified":"2022-08-03T15:50:43","modified_gmt":"2022-08-03T15:50:43","slug":"cesta-pitanja","status":"publish","type":"page","link":"https:\/\/kiaradezen.com\/en\/cesta-pitanja\/","title":{"rendered":"FAQ"},"content":{"rendered":"<h3>Od \u010dega je izra\u0111en kanap koji se koristi u na\u0161im proizvodima:<\/h3>\n<p class=\"p1\">Kanap je izra\u0111en od poliester vlakna, matiranog, tako da dodirom podse\u0107a na pamuk, \u0161to ga \u010dini mekanim i estetski pogodnim \u010dak i za unutra\u0161nje prostore (ne odaje plasti\u010dan utisak kakav ima sam poliester). Kako bi ovaj kanap odgovarao upotrebi u spolja\u0161njim uslovima njegova zavr\u0161na obrada je vodoodobojni nanos a sam kanap odnosno boja je UV stabilna. Kanap se izra\u0111uje specijalno za na\u0161e proizvode, sa ovakvim karakteristikama.<\/p>\n<h3>Kako se odr\u017eavaju na\u0161i proizvodi?<\/h3>\n<p class=\"p1\">Outdoor proizvodi izra\u0111eni su od materijala koji se jako lako bri\u0161e mokrom krpom i sapunicom, \u010dak se i celi komadi name\u0161taja mogu oprati jakim vodenim mlazom na otvorenom. Kod nekih proizvoda pletene navlake se mogu i skinuti i ma\u0161inski oprati. Kod svakog proizvoda u opisu pogledajte kako se proizvod odr\u017eava, a i prilikom dostave svaki proizvod stigne sa deklaracijom. Proizvodi koji se mogu oprati u ma\u0161ini imaju i na samom proizvodu deklaraciju o odr\u017eavanju.<\/p>\n<h3>\u0160ta se nalazi unutar proizvoda?<\/h3>\n<p class=\"p1\">U opisu svakog proizvoda nalaze se informacije o unutra\u0161njosti. Unutar proizvoda sa postojanim \u010dvrstim oblikom nalazi se stiropor koji se godinama koristi u industriji name\u0161taja, postojan je, trajan a veoma lagan. Ovaj stiropor se tapacira; gornji sedalni deo ima sun\u0111er, tako da je tabure udoban, a ne gubi oblik. Unutar \u201clazy\u201d proizvoda nalaze se stiroporske kuglice koje je vremenom potrebno dopunjavati.<\/p>\n<h3>\u0160ta ako mi lazy bag izgubi formu, kako se dopunjava?<\/h3>\n<p class=\"p1\">Svaki lazy bag punjen stiroporskim kuglicama se vremenom nakon kori\u0161\u0107enja opusti i slegne. Tada se mo\u017ee dopuniti putem zipa. Na na\u0161im le\u017ealjkama zip se nalazi pozadi, a na lazy tabureima se nalazi na dnu. Dopunu za lazy bag lako \u0107ete prona\u0107i na internetu, sa dostavom do va\u0161e adrese, kucanjem u pretra\u017eiva\u010d \u201cdopuna za lazy bag\u201d. Za dopunu vam je dovoljan jedan d\u017eak od oko 1kg ili 50-60 litara. Svi na\u0161i proizvodi lako se pune putem dodatnog u\u0161ivnog dela na otvoru za punjenje.<\/p>\n<h3>\u0160ta ako mi proizvod pokisne?<\/h3>\n<p class=\"p1\">Svi na\u0161i outdoor proizvodi izra\u0111eni su od vodootpornih materijala tako da smeju da pokisnu i da ostanu napolju. Ako se skvase samo sa\u010dekajte da se osu\u0161e da biste ih ponovo koristili. Tokom letnjih meseci i toplih dana brzo se su\u0161e a tokom hladnijih dana sporije, pa preporu\u010dujemo da ih tada dr\u017eite u natkrivenim prostorima kako biste ih mogli korisiti i zimi.<\/p>\n<h3>Koliko se \u010deka na rok izrade?<\/h3>\n<p class=\"p1\">Rok izrade proizvoda koje nemamo na stanju nazna\u010den je kod svakog proizvoda, s tim da zadr\u017eavamo pravo da rok produ\u017eimo ukoliko ste poru\u010dili ve\u0107e koli\u010dine od 5 komada. Praksa nam je da sve poru\u010deno u toku jedne nedelje izradimo do petka naredne nedelje, nakon \u010dega sledi isporuka na va\u0161u adresu, ali ovo mo\u017ee biti i produ\u017eeno do 20 dana usled velikih porud\u017ebina ili perioda kolektivnih odmora. O ta\u010dnom roku kao i statusu izrade bi\u0107ete obave\u0161teni prilikom potvrde porud\u017ebine.<\/p>\n<h3>Da li se isporuka kurirskim slu\u017ebama vr\u0161i svakog dana?<\/h3>\n<p class=\"p1\">Ne, kurirske slu\u017ebe preuzimaju na\u0161e proizvode u drugoj polovini nedelje, sredom i petkom.<\/p>\n<h3>Na \u0161ta se odnosi garancija na\u0161ih proizvoda?<\/h3>\n<p>Odgovor na ovo pitanje prona\u0111ite <strong><a href=\"\/en\/uslovi-koriscenja\/\">ovde<\/a><\/strong>.<\/p>\n<h3>Da li se na\u0161i proizvodi \u0161alju u inostranstvo?<\/h3>\n<p class=\"p1\">Da, sve proizvode mo\u017eemo poslati u inostranstvo. Za informacije o slanju u inostranstvo kontaktirajte nas putem mejla, a uskoro je u pripremi i verzija sajta sa uklju\u010denim slanjem za inostranstvo.<\/p>\n<h3>Imamo li indoor proizvode?<\/h3>\n<p class=\"p1\">Od nedavno smo ceo fokus proizvodnje stavili na ba\u0161te i outdoor name\u0161taj ali svi na\u0161i proizvodi mogu se koristiti i unutra odnosno estetski odgovaraju i unutra\u0161njim prostorima. Za izradu pletenih delova name\u0161taja odabrali smo takvu vrstu kanapa koja je matirana tako da izgled nije plasti\u010dan iako je u pitanju poliester vlakno, otporno za spolja\u0161nje uslove. Povremeno, da bismo do\u010darali i zimske trenutke u domu, osmi\u0161ljavamo i neke indoor proizvode, pletene od prirodnih materijala (vuna, pamuk, lan).<\/p>\n<h3>\u0160ta ta\u010dno zna\u010di \u201cvodootporno\u201d u opisu na\u0161ih outdoor proizvoda?<\/h3>\n<p class=\"p1\">Vodootporno zna\u010di da materijali od kojih su proizvodi napravljeni trpe vodu, lako se su\u0161e i ostaju nepromenjeni. Proizvodi nisu vodoodbojni ili vodonepropusni, mogu se skvastiti, natopiti vodom, ali se mogu i osu\u0161iti bez posledica.<\/p>","protected":false},"excerpt":{"rendered":"<p>Od \u010dega je izra\u0111en kanap koji se koristi u na\u0161im proizvodima: Kanap je izra\u0111en od poliester vlakna, matiranog, tako da dodirom podse\u0107a na pamuk, \u0161to ga \u010dini mekanim i estetski&hellip;<\/p>","protected":false},"author":2,"featured_media":3489,"parent":0,"menu_order":0,"comment_status":"closed","ping_status":"closed","template":"","meta":{"footnotes":""},"class_list":["post-215","page","type-page","status-publish","has-post-thumbnail","hentry"],"_links":{"self":[{"href":"https:\/\/kiaradezen.com\/en\/wp-json\/wp\/v2\/pages\/215","targetHints":{"allow":["GET"]}}],"collection":[{"href":"https:\/\/kiaradezen.com\/en\/wp-json\/wp\/v2\/pages"}],"about":[{"href":"https:\/\/kiaradezen.com\/en\/wp-json\/wp\/v2\/types\/page"}],"author":[{"embeddable":true,"href":"https:\/\/kiaradezen.com\/en\/wp-json\/wp\/v2\/users\/2"}],"replies":[{"embeddable":true,"href":"https:\/\/kiaradezen.com\/en\/wp-json\/wp\/v2\/comments?post=215"}],"version-history":[{"count":15,"href":"https:\/\/kiaradezen.com\/en\/wp-json\/wp\/v2\/pages\/215\/revisions"}],"predecessor-version":[{"id":4630,"href":"https:\/\/kiaradezen.com\/en\/wp-json\/wp\/v2\/pages\/215\/revisions\/4630"}],"wp:featuredmedia":[{"embeddable":true,"href":"https:\/\/kiaradezen.com\/en\/wp-json\/wp\/v2\/media\/3489"}],"wp:attachment":[{"href":"https:\/\/kiaradezen.com\/en\/wp-json\/wp\/v2\/media?parent=215"}],"curies":[{"name":"wp","href":"https:\/\/api.w.org\/{rel}","templated":true}]}}